{"id":1147,"date":"2017-02-08T09:22:27","date_gmt":"2017-02-08T09:22:27","guid":{"rendered":"http:\/\/consulting.stylemixthemes.com\/demo\/?page_id=1147"},"modified":"2021-07-03T20:14:31","modified_gmt":"2021-07-03T20:14:31","slug":"a-propos","status":"publish","type":"page","link":"https:\/\/sigmacoaching.eu\/psy\/a-propos\/","title":{"rendered":"\u00c0 propos"},"content":{"rendered":"<div class=\"wpb-content-wrapper\"><p>[vc_row css=&#8221;.vc_custom_1485767675422{margin-right: 0px !important;margin-bottom: 50px !important;margin-left: 0px !important;}&#8221;][vc_column css=&#8221;.vc_custom_1584705792082{background-color: #fde428 !important;background-position: center !important;background-repeat: no-repeat !important;background-size: cover !important;}&#8221;][vc_row_inner css=&#8221;.vc_custom_1485768753869{padding-top: 40px !important;padding-right: 40px !important;padding-bottom: 40px !important;padding-left: 40px !important;}&#8221; el_class=&#8221;mobile_no_paddings&#8221;][vc_column_inner el_class=&#8221;mobile_no_paddings&#8221; css=&#8221;.vc_custom_1486386673240{padding-top: 52px !important;padding-right: 30px !important;padding-bottom: 50px !important;padding-left: 40px !important;background-color: rgba(0,46,91,0.9) !important;*background-color: rgb(0,46,91) !important;}&#8221; offset=&#8221;vc_col-lg-5&#8243;][stm_quote box_color=&#8221;custom&#8221; quote_text=&#8221;&#8221; img_size=&#8221;48&#215;48&#8243; quote=&#8221;Une plateforme tout-en-un pour toutes vos \u00e9quipes&#8221; box_color_custom=&#8221;#ffffff&#8221;][\/vc_column_inner][vc_column_inner width=&#8221;7\/12&#8243; offset=&#8221;vc_hidden-md vc_hidden-sm vc_hidden-xs&#8221;][\/vc_column_inner][\/vc_row_inner][\/vc_column][\/vc_row][vc_row css=&#8221;.vc_custom_1584700048713{margin-bottom: 30px !important;}&#8221;][vc_column offset=&#8221;vc_col-lg-6 vc_col-md-12&#8243;][vc_custom_heading text=&#8221;DotPsy en quelques chiffres&#8221; font_container=&#8221;tag:h3|text_align:left&#8221; google_fonts=&#8221;font_family:Montserrat%3Aregular%2C700|font_style:700%20bold%20regular%3A700%3Anormal&#8221; css=&#8221;.vc_custom_1625339839884{margin-bottom: 29px !important;}&#8221;][\/vc_column][\/vc_row][vc_row full_width=&#8221;stretch_row&#8221; el_class=&#8221;third_bg_color&#8221; css=&#8221;.vc_custom_1584705924294{padding-top: 30px !important;padding-bottom: 55px !important;}&#8221;][vc_column width=&#8221;1\/2&#8243; offset=&#8221;vc_col-lg-3 vc_col-md-3 vc_col-xs-12&#8243;][stm_stats_counter stat_counter_style=&#8221;style_2&#8243; counter_value=&#8221;43&#8243; description=&#8221;Psychologues&#8221;][\/vc_column][vc_column width=&#8221;1\/2&#8243; offset=&#8221;vc_col-lg-3 vc_col-md-3 vc_col-xs-12&#8243;][stm_stats_counter stat_counter_style=&#8221;style_2&#8243; counter_value=&#8221;23&#8243; description=&#8221;Programmes<br \/>\nAccomplie&#8221;][\/vc_column][vc_column width=&#8221;1\/2&#8243; offset=&#8221;vc_col-lg-3 vc_col-md-3 vc_col-xs-12&#8243;][stm_stats_counter stat_counter_style=&#8221;style_2&#8243; counter_value=&#8221;14&#8243; description=&#8221;Offres de<br \/>\nth\u00e9rapie&#8221;][\/vc_column][vc_column width=&#8221;1\/2&#8243; offset=&#8221;vc_col-lg-3 vc_col-md-3 vc_col-xs-12&#8243;][stm_stats_counter stat_counter_style=&#8221;style_2&#8243; counter_value=&#8221;300&#8243; description=&#8221;Manager<br \/>\nAccompagn\u00e9s&#8221;][\/vc_column][\/vc_row][vc_row css=&#8221;.vc_custom_1584704412770{margin-top: 60px !important;margin-bottom: 77px !important;}&#8221;][vc_column width=&#8221;1\/2&#8243; offset=&#8221;vc_hidden-xs&#8221;][vc_custom_heading text=&#8221;Notre mission&#8221; font_container=&#8221;tag:h3|text_align:left&#8221; google_fonts=&#8221;font_family:Montserrat%3Aregular%2C700|font_style:700%20bold%20regular%3A700%3Anormal&#8221; css=&#8221;.vc_custom_1584697564845{margin-bottom: 39px !important;}&#8221;][vc_column_text]DotPsy\u00a0 est une plate-forme de visioconsultation en <strong>psychologie<\/strong>\u00a0bas\u00e9e sur une solide communaut\u00e9 de\u00a0<strong>th\u00e9rapeutes<\/strong>\u00a0soucieux de la<strong>\u00a0sant\u00e9 mentale<\/strong>\u00a0de leurs\u00a0<strong>patients, clients<\/strong>\u00a0et conscients de l&#8217;importance d&#8217;un suivi\u00a0<strong>psychologique\u00a0<\/strong>dans la\u00a0<strong>vie<\/strong>\u00a0de chaque\u00a0<strong>personne<\/strong>, \u00e0 des moments parfois difficiles \u00e0 anticiper, dans des lieux compliqu\u00e9s \u00e0 pr\u00e9voir. \u00a0Notre \u00e9quipe tire le meilleur des nouvelles technologies et d&#8217;<strong>Internet<\/strong>\u00a0pour garantir le moyen le plus simple jamais con\u00e7u pour\u00a0<strong>consulter<\/strong>\u00a0et organiser ses\u00a0<strong>s\u00e9ances<\/strong>\u00a0de\u00a0<strong>th\u00e9rapie\u00a0<\/strong>\u00e0 distance.[\/vc_column_text][vc_row_inner][vc_column_inner width=&#8221;1\/2&#8243;][vc_column_text]<\/p>\n<ul>\n<li style=\"line-height: 22px;\">DotPsy.com d\u00e9mocratise la sant\u00e9 mentale en entreprise en permettant \u00e0 chaque collaborateur de prendre soin de son mental de fa\u00e7on simple et positive.<\/li>\n<\/ul>\n<p>[\/vc_column_text][\/vc_column_inner][vc_column_inner width=&#8221;1\/2&#8243;][vc_column_text]<\/p>\n<ul>\n<li style=\"line-height: 22px;\">Nous vous accompagnons quel que soit votre besoin. Le mental est un tout : chez DotPsy vous pouvez aborder les sujets professionnels aussi bien que personnels avec nos psychologues.<\/li>\n<\/ul>\n<p>[\/vc_column_text][\/vc_column_inner][\/vc_row_inner][\/vc_column][vc_column width=&#8221;1\/2&#8243;][vc_custom_heading text=&#8221;Nos clients :&#8221; font_container=&#8221;tag:h3|text_align:left&#8221; google_fonts=&#8221;font_family:Montserrat%3Aregular%2C700|font_style:700%20bold%20regular%3A700%3Anormal&#8221; css=&#8221;.vc_custom_1625323280853{margin-bottom: 39px !important;}&#8221;][vc_progress_bar values=&#8221;%5B%7B%22label%22%3A%22Entreprises%22%2C%22value%22%3A%22100%22%2C%22color%22%3A%22bar_blue%22%7D%2C%7B%22label%22%3A%22Particuliers%22%2C%22value%22%3A%22100%22%2C%22color%22%3A%22bar_blue%22%7D%5D&#8221;][\/vc_column][\/vc_row][vc_row full_width=&#8221;stretch_row&#8221; css=&#8221;.vc_custom_1485759536261{margin-bottom: 0px !important;padding-top: 56px !important;background-color: #f2f2f2 !important;}&#8221;][vc_column][vc_custom_heading text=&#8221;Nos valeurs&#8221; font_container=&#8221;tag:h3|text_align:left&#8221; google_fonts=&#8221;font_family:Montserrat%3Aregular%2C700|font_style:700%20bold%20regular%3A700%3Anormal&#8221; css=&#8221;.vc_custom_1617444803939{margin-bottom: 39px !important;}&#8221;][\/vc_column][\/vc_row][vc_row full_width=&#8221;stretch_row&#8221; css=&#8221;.vc_custom_1485759472603{padding-bottom: 35px !important;background-color: #f2f2f2 !important;}&#8221;][vc_column offset=&#8221;vc_col-lg-4&#8243;][stm_icon_box hide_title_line=&#8221;hide_title_line&#8221; icon=&#8221;stm-nokia_outline&#8221; style=&#8221;icon_left&#8221; icon_size=&#8221;22&#8243; icon_color=&#8221;custom&#8221; icon_bg_color=&#8221;third_bg&#8221; icon_width=&#8221;70&#8243; title=&#8221;EMPATHIE&#8221; title_font_size=&#8221;22&#8243; title_line_height=&#8221;46&#8243; icon_color_custom=&#8221;#222222&#8243; css=&#8221;.vc_custom_1625321765732{margin-bottom: 24px !important;}&#8221;]<span style=\"display: block; line-height: 20px; margin-top: -10px;\">Nous privil\u00e9gions une approche fond\u00e9e sur l\u2019\u00e9coute et la compr\u00e9hension des besoins de nos clients tout en restant rigoureux sur la mise en \u0153uvre des processus qui ont \u00e9t\u00e9 d\u00e9cid\u00e9s.<\/span>[\/stm_icon_box][\/vc_column][vc_column offset=&#8221;vc_col-lg-4&#8243;][stm_icon_box hide_title_line=&#8221;hide_title_line&#8221; icon=&#8221;stm-chart-refresh&#8221; style=&#8221;icon_left&#8221; icon_size=&#8221;22&#8243; icon_color=&#8221;custom&#8221; icon_bg_color=&#8221;third_bg&#8221; icon_width=&#8221;70&#8243; title=&#8221;FLEXIBILIT\u00c9&#8221; title_font_size=&#8221;22&#8243; title_line_height=&#8221;46&#8243; icon_color_custom=&#8221;#222222&#8243; css=&#8221;.vc_custom_1625321841318{margin-bottom: 24px !important;}&#8221;]Nous pla\u00e7ons le client au c\u0153ur de notre r\u00e9flexion. Nous ajustons nos processus d\u2019accompagnement en fonction de chaque contexte.[\/stm_icon_box][\/vc_column][vc_column offset=&#8221;vc_col-lg-4&#8243;][stm_icon_box hide_title_line=&#8221;hide_title_line&#8221; icon=&#8221;stm-cup7&#8243; style=&#8221;icon_left&#8221; icon_size=&#8221;22&#8243; icon_color=&#8221;custom&#8221; icon_bg_color=&#8221;third_bg&#8221; icon_width=&#8221;70&#8243; title=&#8221;EXPERTISE&#8221; title_font_size=&#8221;22&#8243; title_line_height=&#8221;46&#8243; icon_color_custom=&#8221;#222222&#8243; css=&#8221;.vc_custom_1625321882333{margin-bottom: 24px !important;}&#8221;]<span style=\"display: block; line-height: 20px; margin-top: -10px;\">DotPsy assemble la meilleure \u00e9quipe d\u2019experts afin de fournir la solution adapt\u00e9e \u00e0 vos besoins. Votre interlocuteur est garant de la qualit\u00e9 des prestations fournies.<\/span>[\/stm_icon_box][\/vc_column][\/vc_row][vc_row full_width=&#8221;stretch_row&#8221; el_class=&#8221;third_bg_color&#8221; css=&#8221;.vc_custom_1451889219674{margin-bottom: -60px !important;}&#8221;][vc_column][vc_cta h2=&#8221;Envie d\u2019en savoir plus sur notre solution digitale ?&#8221; h2_font_container=&#8221;font_size:20px|color:%23000000|line_height:24px&#8221; h2_use_theme_fonts=&#8221;yes&#8221; shape=&#8221;square&#8221; style=&#8221;flat&#8221; add_button=&#8221;right&#8221; btn_title=&#8221;Demander une d\u00e9monstration&#8221; btn_style=&#8221;flat&#8221; btn_color=&#8221;theme_style_2&#8243; btn_align=&#8221;right&#8221; btn_i_align=&#8221;right&#8221; btn_i_icon_fontawesome=&#8221;fa fa-chevron-right&#8221; use_custom_fonts_h2=&#8221;true&#8221; btn_button_block=&#8221;true&#8221; btn_add_icon=&#8221;true&#8221; el_class=&#8221;third_bg_color&#8221; css=&#8221;.vc_custom_1625321936030{margin-bottom: 0px !important;}&#8221; btn_link=&#8221;url:https%3A%2F%2Fdotpsy.com%2Fcontactez-nous%2F|title:Contactez-Nous|target:%20_blank|&#8221;][\/vc_cta][\/vc_column][\/vc_row]<\/p>\n<\/div>","protected":false},"excerpt":{"rendered":"<p>[vc_row css=&#8221;.vc_custom_1485767675422{margin-right: 0px !important;margin-bottom: 50px !important;margin-left: 0px !important;}&#8221;][vc_column css=&#8221;.vc_custom_1584705792082{background-color: #fde428 !important;background-position: center !important;background-repeat: no-repeat !important;background-size: cover !important;}&#8221;][vc_row_inner css=&#8221;.vc_custom_1485768753869{padding-top: 40px !important;padding-right: 40px !important;padding-bottom: 40px !important;padding-left: 40px !important;}&#8221; el_class=&#8221;mobile_no_paddings&#8221;][vc_column_inner el_class=&#8221;mobile_no_paddings&#8221; css=&#8221;.vc_custom_1486386673240{padding-top: 52px !important;padding-right: 30px !important;padding-bottom: 50px !important;padding-left: 40px !important;background-color: rgba(0,46,91,0.9) !important;*background-color: rgb(0,46,91) !important;}&#8221; offset=&#8221;vc_col-lg-5&#8243;][stm_quote box_color=&#8221;custom&#8221; quote_text=&#8221;&#8221; img_size=&#8221;48&#215;48&#8243; quote=&#8221;Une plateforme tout-en-un pour toutes vos \u00e9quipes&#8221; box_color_custom=&#8221;#ffffff&#8221;][\/vc_column_inner][vc_column_inner width=&#8221;7\/12&#8243; offset=&#8221;vc_hidden-md<\/p>\n","protected":false},"author":1,"featured_media":0,"parent":0,"menu_order":0,"comment_status":"closed","ping_status":"closed","template":"","meta":{"footnotes":""},"class_list":["post-1147","page","type-page","status-publish","hentry"],"_links":{"self":[{"href":"https:\/\/sigmacoaching.eu\/psy\/wp-json\/wp\/v2\/pages\/1147","targetHints":{"allow":["GET"]}}],"collection":[{"href":"https:\/\/sigmacoaching.eu\/psy\/wp-json\/wp\/v2\/pages"}],"about":[{"href":"https:\/\/sigmacoaching.eu\/psy\/wp-json\/wp\/v2\/types\/page"}],"author":[{"embeddable":true,"href":"https:\/\/sigmacoaching.eu\/psy\/wp-json\/wp\/v2\/users\/1"}],"replies":[{"embeddable":true,"href":"https:\/\/sigmacoaching.eu\/psy\/wp-json\/wp\/v2\/comments?post=1147"}],"version-history":[{"count":38,"href":"https:\/\/sigmacoaching.eu\/psy\/wp-json\/wp\/v2\/pages\/1147\/revisions"}],"predecessor-version":[{"id":7942,"href":"https:\/\/sigmacoaching.eu\/psy\/wp-json\/wp\/v2\/pages\/1147\/revisions\/7942"}],"wp:attachment":[{"href":"https:\/\/sigmacoaching.eu\/psy\/wp-json\/wp\/v2\/media?parent=1147"}],"curies":[{"name":"wp","href":"https:\/\/api.w.org\/{rel}","templated":true}]}}