{"id":1179,"date":"2017-02-08T09:56:29","date_gmt":"2017-02-08T09:56:29","guid":{"rendered":"http:\/\/consulting.stylemixthemes.com\/demo\/?page_id=1179"},"modified":"2021-05-30T01:43:59","modified_gmt":"2021-05-30T01:43:59","slug":"devenir-psychologue-de-dotpsy","status":"publish","type":"page","link":"https:\/\/sigmacoaching.eu\/psy\/en\/devenir-psychologue-de-dotpsy\/","title":{"rendered":"Devenir Psychologue de DotPsy"},"content":{"rendered":"<div class=\"wpb-content-wrapper\"><p>[vc_row full_width=&#8221;stretch_row&#8221; css=&#8221;.vc_custom_1572466031621{margin-bottom: 50px !important;background-color: #d3dde6 !important;}&#8221;][vc_column][vc_custom_heading text=&#8221;REJOIGNEZ NOTRE R\u00c9SEAU DE PSYCHOLOGUES&#8221; font_container=&#8221;tag:h3|font_size:30px|text_align:center|line_height:35px&#8221; use_theme_fonts=&#8221;yes&#8221; el_class=&#8221;base_font_color&#8221;][vc_column_text css=&#8221;.vc_custom_1622335752503{padding-top: 75px !important;padding-bottom: 75px !important;}&#8221;]<\/p>\n<p style=\"font-size: 28px; line-height: 45px; text-shadow: rgba(0, 0, 0, 0.5) 0px 2px 4px; text-align: center; padding-bottom: 20px;\">D\u00e9posez votre candidature pour devenir psychologue chez DotPsy et profitez de nos relations privil\u00e9gi\u00e9es avec les plus grandes entreprises en France, en Europe et dans le monde. Travaillez depuis chez vous en toute flexibilit\u00e9 avec des clients du monde entier sur une plateforme digitale high tech !<\/p>\n<p style=\"text-align: center;\"><a style=\"padding: 11px 50px; border: 2px solid #002e5b; font-size: 16px; background: transparent; color: #002e5b; border-color: #002e5b;\" href=\"#\">Postulez maintenant<\/a><\/p>\n<p>[\/vc_column_text][\/vc_column][\/vc_row][vc_row css=&#8221;.vc_custom_1572464791834{margin-bottom: 50px !important;}&#8221;][vc_column][vc_custom_heading text=&#8221;Pourquoi DotPsy?&#8221; font_container=&#8221;tag:h3|font_size:30px|text_align:center|line_height:35px&#8221; use_theme_fonts=&#8221;yes&#8221; el_class=&#8221;base_font_color&#8221;][\/vc_column][\/vc_row][vc_row el_class=&#8221;become-psycoach-iconboxes&#8221;][vc_column width=&#8221;1\/3&#8243;][stm_icon_box hide_title_line=&#8221;hide_title_line&#8221; icon=&#8221;stm-stm14_country&#8221; icon_size=&#8221;22&#8243; icon_color=&#8221;custom&#8221; icon_bg_color=&#8221;third_bg&#8221; title=&#8221;Flexibilit\u00e9 g\u00e9ographique<br \/>\net de temps&#8221; icon_color_custom=&#8221;#222222&#8243;]<span style=\"display: block; line-height: 20px; margin-top: -10px;\">Que ce soit au bout du monde ou confortablement depuis chez vous, avec DotPsy vous pouvez d\u00e9cider d\u2019o\u00f9 et quand vous souhaitez travailler. Notre technologie est disponible que ce soit depuis votre ordinateur, tablette ou smartphone et fonctionne sur tous les syst\u00e8mes d\u2019exploitation. Vous d\u00e9cidez \u00e9galement librement de vos jours de vacances.<\/span>[\/stm_icon_box][\/vc_column][vc_column width=&#8221;1\/3&#8243;][stm_icon_box hide_title_line=&#8221;hide_title_line&#8221; icon=&#8221;stm-badge&#8221; icon_size=&#8221;22&#8243; icon_color=&#8221;custom&#8221; icon_bg_color=&#8221;third_bg&#8221; title=&#8221;Un conseil s\u00e9curis\u00e9 au<br \/>\nc\u0153ur du cabinet virtuel&#8221; icon_color_custom=&#8221;#222222&#8243;]Gr\u00e2ce \u00e0 notre outil DotPsy vous pourrez offrir votre soutien par chat, vid\u00e9o ou t\u00e9l\u00e9phonie de mani\u00e8re totalement s\u00e9curis\u00e9e. Gr\u00e2ce \u00e0 notre syst\u00e8me de cryptage nous garantissons la s\u00e9curit\u00e9 et la confidentialit\u00e9 la plus totale s\u2019agissant de vos \u00e9changes avec vos patients.[\/stm_icon_box][\/vc_column][vc_column width=&#8221;1\/3&#8243;][stm_icon_box hide_title_line=&#8221;hide_title_line&#8221; icon=&#8221;stm-stats&#8221; icon_size=&#8221;22&#8243; icon_color=&#8221;custom&#8221; icon_bg_color=&#8221;third_bg&#8221; title=&#8221;Esprit d\u2019\u00e9quipe international&#8221; icon_color_custom=&#8221;#222222&#8243;]Chez DotPasy nous insistons particuli\u00e8rement sur le sentiment d\u2019appartenance \u00e0 une \u00e9quipe, le bien-\u00eatre et l\u2019\u00e9change avec nos psychologues au niveau international. Profitez d\u2019\u00e9changes r\u00e9guliers, d\u2019une supervision et de nos offres gratuites de formation continue.[\/stm_icon_box][\/vc_column][\/vc_row][vc_row el_class=&#8221;become-psycoach-iconboxes&#8221;][vc_column width=&#8221;1\/3&#8243;][stm_icon_box hide_title_line=&#8221;hide_title_line&#8221; icon=&#8221;stm-mans&#8221; icon_size=&#8221;22&#8243; icon_color=&#8221;custom&#8221; icon_bg_color=&#8221;third_bg&#8221; title=&#8221;Fondement scientifique<br \/>\net d\u00e9veloppement&#8221; icon_color_custom=&#8221;#222222&#8243;]Gr\u00e2ce aux partenaires scientifiques comp\u00e9tents qui nous accompagnent nous d\u00e9veloppons notre plateforme et nos propositions de mani\u00e8re permanente. Le niveau du soutien en ligne est tr\u00e8s \u00e9lev\u00e9 et respectueux des toutes derni\u00e8res connaissances scientifiques.[\/stm_icon_box][\/vc_column][vc_column width=&#8221;1\/3&#8243;][stm_icon_box hide_title_line=&#8221;hide_title_line&#8221; icon=&#8221;stm-cup&#8221; icon_size=&#8221;22&#8243; icon_color=&#8221;custom&#8221; icon_bg_color=&#8221;third_bg&#8221; title=&#8221;Profitez d\u2019un revenu r\u00e9gulier et compl\u00e9mentaire&#8221; icon_color_custom=&#8221;#222222&#8243;]Notre mission est de vous permettre de vivre la meilleure exp\u00e9rience de coaching digitale, sans contraintes administratives ou commerciales. Choisissez le nombre de participants que vous souhaitez accompagner, et compl\u00e9tez vos revenus facilement.[\/stm_icon_box][\/vc_column][vc_column width=&#8221;1\/3&#8243;][stm_icon_box hide_title_line=&#8221;hide_title_line&#8221; icon=&#8221;stm-target&#8221; icon_size=&#8221;22&#8243; icon_color=&#8221;custom&#8221; icon_bg_color=&#8221;third_bg&#8221; title=&#8221;Des services uniques pour votre cabine&#8221; icon_color_custom=&#8221;#222222&#8243;]Nous nous chargeons du marketing, de coop\u00e9rations avec de nouveaux partenaires et du tarif tout \u00e0 fait abordable pour les personnes venues chercher conseil. Les utilisateurs vous sont attribu\u00e9s sur mesure et pouvez utiliser l\u2019application pour vos propres patients. Notre \u00e9quipe technique est enti\u00e8rement mise \u00e0 votre disposition.[\/stm_icon_box][\/vc_column][\/vc_row][vc_row full_width=&#8221;stretch_row&#8221; css=&#8221;.vc_custom_1485495086300{margin-bottom: -60px !important;padding-top: 63px !important;padding-bottom: 30px !important;background-color: #f2f2f2 !important;}&#8221;][vc_column][vc_custom_heading text=&#8221;Nos crit\u00e8res de s\u00e9lection&#8221; font_container=&#8221;tag:h3|font_size:30px|text_align:center|line_height:35px&#8221; use_theme_fonts=&#8221;yes&#8221; el_class=&#8221;base_font_color&#8221;][vc_row_inner][vc_column_inner width=&#8221;1\/2&#8243;][vc_column_text]<\/p>\n<ul class=\"orange-check-list\">\n<li><span style=\"font-size: 12pt;\"><strong>Dipl\u00f4me universitaire de psychologue<\/strong><\/span><\/li>\n<li><span style=\"font-size: 12pt;\"><strong>Sp\u00e9cialisation en psychologie clinique ou psychopathologie<\/strong><\/span><\/li>\n<li><span style=\"font-size: 12pt;\"><strong>Exp\u00e9rience professionnelle d\u2019au moins trois ans<\/strong><\/span><\/li>\n<li><span style=\"font-size: 12pt;\"><strong>Preuve d\u2019une assurance-responsabilit\u00e9 professionnelle<\/strong><\/span><\/li>\n<li><span style=\"font-size: 12pt;\"><strong>Une connaissance du conseil et de la communication en ligne est un plus<\/strong><\/span><\/li>\n<li><span style=\"font-size: 12pt;\"><strong>Flexibilit\u00e9 (en temps et en lieu), disponibilit\u00e9 les week-end<\/strong><\/span><\/li>\n<li><span style=\"font-size: 12pt;\"><strong>Les ressources de temps pour conseiller au moins 5 clients par mois<\/strong><\/span><\/li>\n<\/ul>\n<p>[\/vc_column_text][\/vc_column_inner][vc_column_inner width=&#8221;1\/2&#8243;][vc_single_image image=&#8221;4465&#8243; img_size=&#8221;full&#8221; alignment=&#8221;center&#8221;][\/vc_column_inner][\/vc_row_inner][\/vc_column][\/vc_row][vc_row css=&#8221;.vc_custom_1617478617563{margin-top: 80px !important;}&#8221;][vc_column][vc_custom_heading text=&#8221;Rejoignez une communaut\u00e9 de psychologues internationale&#8221; font_container=&#8221;tag:h3|font_size:30px|text_align:center|line_height:35px&#8221; use_theme_fonts=&#8221;yes&#8221; el_class=&#8221;base_font_color&#8221;][vc_column_text]Notre \u00e9quipe est r\u00e9solument tourn\u00e9e vers le monde : avec 180 psychologues r\u00e9partis sur les 5 continents, nous accompagnons nos clients dans 9 langues ![\/vc_column_text][vc_single_image image=&#8221;7629&#8243; img_size=&#8221;full&#8221; alignment=&#8221;center&#8221;][\/vc_column][\/vc_row][vc_row full_width=&#8221;stretch_row&#8221; css=&#8221;.vc_custom_1617478676772{margin-bottom: -60px !important;padding-top: 30px !important;padding-bottom: 30px !important;background-color: #f2f2f2 !important;}&#8221;][vc_column][vc_custom_heading text=&#8221;Contactez-Nous : Digitalisez votre activit\u00e9&#8221; font_container=&#8221;tag:h2|font_size:20px|text_align:left|line_height:30px&#8221; google_fonts=&#8221;font_family:Montserrat%3Aregular%2C700|font_style:400%20regular%3A400%3Anormal&#8221; css=&#8221;.vc_custom_1622339033313{margin-bottom: 30px !important;}&#8221;]\n<div class=\"wpcf7 no-js\" id=\"wpcf7-f1176-o1\" lang=\"en-US\" dir=\"ltr\" data-wpcf7-id=\"1176\">\n<div class=\"screen-reader-response\"><p role=\"status\" aria-live=\"polite\" aria-atomic=\"true\"><\/p> <ul><\/ul><\/div>\n<form action=\"\/psy\/wp-json\/wp\/v2\/pages\/1179#wpcf7-f1176-o1\" method=\"post\" class=\"wpcf7-form init\" aria-label=\"Contact form\" novalidate=\"novalidate\" data-status=\"init\">\n<fieldset class=\"hidden-fields-container\"><input type=\"hidden\" name=\"_wpcf7\" value=\"1176\" \/><input type=\"hidden\" name=\"_wpcf7_version\" value=\"6.1.3\" \/><input type=\"hidden\" name=\"_wpcf7_locale\" value=\"en_US\" \/><input type=\"hidden\" name=\"_wpcf7_unit_tag\" value=\"wpcf7-f1176-o1\" \/><input type=\"hidden\" name=\"_wpcf7_container_post\" value=\"0\" \/><input type=\"hidden\" name=\"_wpcf7_posted_data_hash\" value=\"\" \/>\n<\/fieldset>\n<div class=\"request_callback\">\n\t<div class=\"row\">\n\t\t<div class=\"col-lg-12 col-md-12 col-sm-12 col-xs-12\">\n\t\t\t<div class=\"input-group\">\n\t\t\t\t<p><span class=\"wpcf7-form-control-wrap\" data-name=\"message\"><textarea cols=\"40\" rows=\"10\" maxlength=\"2000\" class=\"wpcf7-form-control wpcf7-textarea wpcf7-validates-as-required\" aria-required=\"true\" aria-invalid=\"false\" placeholder=\"Your Message *\" name=\"message\"><\/textarea><\/span>\n\t\t\t\t<\/p>\n\t\t\t<\/div>\n\t\t<\/div>\n\t\t<div class=\"col-lg-4 col-md-4 col-sm-4 col-xs-12\">\n\t\t\t<div class=\"input-group\">\n\t\t\t\t<p><span class=\"wpcf7-form-control-wrap\" data-name=\"name\"><input size=\"40\" maxlength=\"400\" class=\"wpcf7-form-control wpcf7-text wpcf7-validates-as-required\" aria-required=\"true\" aria-invalid=\"false\" placeholder=\"First name *\" value=\"\" type=\"text\" name=\"name\" \/><\/span>\n\t\t\t\t<\/p>\n\t\t\t<\/div>\n\t\t<\/div>\n\t\t<div class=\"col-lg-4 col-md-4 col-sm-4 col-xs-12\">\n\t\t\t<div class=\"input-group\">\n\t\t\t\t<p><span class=\"wpcf7-form-control-wrap\" data-name=\"email\"><input size=\"40\" maxlength=\"400\" class=\"wpcf7-form-control wpcf7-email wpcf7-validates-as-required wpcf7-text wpcf7-validates-as-email\" aria-required=\"true\" aria-invalid=\"false\" placeholder=\"E-mail *\" value=\"\" type=\"email\" name=\"email\" \/><\/span>\n\t\t\t\t<\/p>\n\t\t\t<\/div>\n\t\t<\/div>\n\t\t<div class=\"col-lg-4 col-md-4 col-sm-4 col-xs-12\">\n\t\t\t<div class=\"input-group\">\n\t\t\t\t<p><span class=\"wpcf7-form-control-wrap\" data-name=\"subject\"><input size=\"40\" maxlength=\"400\" class=\"wpcf7-form-control wpcf7-text wpcf7-validates-as-required\" aria-required=\"true\" aria-invalid=\"false\" placeholder=\"Subject *\" value=\"\" type=\"text\" name=\"subject\" \/><\/span>\n\t\t\t\t<\/p>\n\t\t\t<\/div>\n\t\t<\/div>\n\t\t<div class=\"col-lg-12 col-md-12 col-sm-12 col-xs-12\">\n\t\t\t<div class=\"input-group\">\n\t\t\t\t<p><button type=\"submit\" class=\"button size-lg icon_right\">submit <i class=\"fa fa-chevron-right\"><\/i><\/button>\n\t\t\t\t<\/p>\n\t\t\t<\/div>\n\t\t<\/div>\n\t<\/div>\n<\/div><p style=\"display: none !important;\" class=\"akismet-fields-container\" data-prefix=\"_wpcf7_ak_\"><label>&#916;<textarea name=\"_wpcf7_ak_hp_textarea\" cols=\"45\" rows=\"8\" maxlength=\"100\"><\/textarea><\/label><input type=\"hidden\" id=\"ak_js_1\" name=\"_wpcf7_ak_js\" value=\"64\"\/><script>document.getElementById( \"ak_js_1\" ).setAttribute( \"value\", ( new Date() ).getTime() );<\/script><\/p><div class=\"wpcf7-response-output\" aria-hidden=\"true\"><\/div>\n<\/form>\n<\/div>\n[\/vc_column][\/vc_row]<\/p>\n<\/div>","protected":false},"excerpt":{"rendered":"<p>[vc_row full_width=&#8221;stretch_row&#8221; css=&#8221;.vc_custom_1572466031621{margin-bottom: 50px !important;background-color: #d3dde6 !important;}&#8221;][vc_column][vc_custom_heading text=&#8221;REJOIGNEZ NOTRE R\u00c9SEAU DE PSYCHOLOGUES&#8221; font_container=&#8221;tag:h3|font_size:30px|text_align:center|line_height:35px&#8221; use_theme_fonts=&#8221;yes&#8221; el_class=&#8221;base_font_color&#8221;][vc_column_text css=&#8221;.vc_custom_1622335752503{padding-top: 75px !important;padding-bottom: 75px !important;}&#8221;] D\u00e9posez votre candidature pour devenir psychologue chez DotPsy et profitez de nos relations privil\u00e9gi\u00e9es avec les plus grandes entreprises en France, en Europe et dans le monde. Travaillez depuis chez vous en toute flexibilit\u00e9 avec<\/p>\n","protected":false},"author":1,"featured_media":0,"parent":0,"menu_order":0,"comment_status":"closed","ping_status":"closed","template":"","meta":{"footnotes":""},"class_list":["post-1179","page","type-page","status-publish","hentry"],"_links":{"self":[{"href":"https:\/\/sigmacoaching.eu\/psy\/wp-json\/wp\/v2\/pages\/1179","targetHints":{"allow":["GET"]}}],"collection":[{"href":"https:\/\/sigmacoaching.eu\/psy\/wp-json\/wp\/v2\/pages"}],"about":[{"href":"https:\/\/sigmacoaching.eu\/psy\/wp-json\/wp\/v2\/types\/page"}],"author":[{"embeddable":true,"href":"https:\/\/sigmacoaching.eu\/psy\/wp-json\/wp\/v2\/users\/1"}],"replies":[{"embeddable":true,"href":"https:\/\/sigmacoaching.eu\/psy\/wp-json\/wp\/v2\/comments?post=1179"}],"version-history":[{"count":68,"href":"https:\/\/sigmacoaching.eu\/psy\/wp-json\/wp\/v2\/pages\/1179\/revisions"}],"predecessor-version":[{"id":7852,"href":"https:\/\/sigmacoaching.eu\/psy\/wp-json\/wp\/v2\/pages\/1179\/revisions\/7852"}],"wp:attachment":[{"href":"https:\/\/sigmacoaching.eu\/psy\/wp-json\/wp\/v2\/media?parent=1179"}],"curies":[{"name":"wp","href":"https:\/\/api.w.org\/{rel}","templated":true}]}}