{"id":1525,"date":"2017-06-04T15:17:36","date_gmt":"2017-06-04T15:17:36","guid":{"rendered":"http:\/\/psycoachingexperts.com\/?page_id=1525"},"modified":"2021-07-03T12:27:39","modified_gmt":"2021-07-03T12:27:39","slug":"conditions-generales-dutilisation","status":"publish","type":"page","link":"https:\/\/sigmacoaching.eu\/psy\/en\/conditions-generales-dutilisation\/","title":{"rendered":"Conditions g\u00e9n\u00e9rales d&#8217;utilisation"},"content":{"rendered":"<div class=\"wpb-content-wrapper\"><p>[vc_row][vc_column][vc_column_text]<\/p>\n<div class=\"body-container-wrapper\">\n<div class=\"body-container container-fluid\">\n<div class=\"row-fluid-wrapper row-depth-1 row-number-1 \">\n<div class=\"row-fluid \">\n<div class=\"span10 widget-span widget-type-custom_widget\" data-widget-type=\"custom_widget\" data-x=\"0\" data-w=\"12\">\n<div id=\"hs_cos_wrapper_module_1562681031905336\" class=\"hs_cos_wrapper hs_cos_wrapper_widget hs_cos_wrapper_type_module widget-type-rich_text widget-type-rich_text\" data-hs-cos-general-type=\"widget\" data-hs-cos-type=\"module\">\n<div class=\"wil-content\">\n<div class=\"elementor elementor-2960\" data-elementor-type=\"wp-page\" data-elementor-id=\"2960\" data-elementor-settings=\"[]\">\n<div class=\"elementor-inner\">\n<div class=\"elementor-section-wrap\">\n<section class=\"elementor-section elementor-top-section elementor-element elementor-element-68d3ccb3 elementor-section-boxed elementor-section-height-default elementor-section-height-default\" data-id=\"68d3ccb3\" data-element_type=\"section\">\n<div class=\"elementor-container elementor-column-gap-default\">\n<div class=\"elementor-row\">\n<div class=\"elementor-column elementor-col-100 elementor-top-column elementor-element elementor-element-740fbf00\" data-id=\"740fbf00\" data-element_type=\"column\">\n<div class=\"elementor-column-wrap elementor-element-populated\">\n<div class=\"elementor-widget-wrap\">\n<div class=\"elementor-element elementor-element-8205c81 elementor-widget elementor-widget-heading\" data-id=\"8205c81\" data-element_type=\"widget\" data-widget_type=\"heading.default\">\n<div class=\"elementor-widget-container\">\n<h2 class=\"elementor-heading-title elementor-size-default\">CONDITIONS D\u2019UTILISATION DU SITE<\/h2>\n<\/div>\n<\/div>\n<div class=\"elementor-element elementor-element-d3235f2 elementor-widget elementor-widget-text-editor\" data-id=\"d3235f2\" data-element_type=\"widget\" data-widget_type=\"text-editor.default\">\n<div class=\"elementor-widget-container\">\n<div class=\"elementor-text-editor elementor-clearfix\">\n<div id=\"content-wrap\" class=\"container clr\">\n<div id=\"primary\" class=\"content-area clr\">\n<div id=\"content\" class=\"site-content clr\">\n<article class=\"single-page-article clr\">\n<div class=\"entry clr\">\n<div class=\"elementor elementor-721 elementor-384\" data-elementor-type=\"wp-post\" data-elementor-id=\"721\" data-elementor-settings=\"[]\">\n<div class=\"elementor-inner\">\n<div class=\"elementor-section-wrap\">\n<section class=\"elementor-section elementor-top-section elementor-element elementor-element-2e222736 elementor-section-boxed elementor-section-height-default elementor-section-height-default\" data-id=\"2e222736\" data-element_type=\"section\">\n<div class=\"elementor-container elementor-column-gap-default\">\n<div class=\"elementor-row\">\n<div class=\"elementor-column elementor-col-66 elementor-top-column elementor-element elementor-element-534f7ff8\" data-id=\"534f7ff8\" data-element_type=\"column\">\n<div class=\"elementor-column-wrap elementor-element-populated\">\n<div class=\"elementor-widget-wrap\">\n<div class=\"elementor-element elementor-element-758883c4 elementor-widget elementor-widget-text-editor\" data-id=\"758883c4\" data-element_type=\"widget\" data-widget_type=\"text-editor.default\">\n<div class=\"elementor-widget-container\">\n<div class=\"elementor-text-editor elementor-clearfix\">\n<h2><b>PR\u00c9SENTATION<\/b><\/h2>\n<p>DotPsy est une soci\u00e9t\u00e9 proposant une plateforme servant, via le site https:\/\/www.dotpsy.com\/, d\u2019interm\u00e9diaire permettant une mise en relation entre psychologues et patients, et ce via diff\u00e9rents outils digitaux permettant la consultation. Les conditions ici pr\u00e9sent\u00e9es d\u00e9finissent les CGU (Conditions G\u00e9n\u00e9rales d\u2019Utilisation) des services fournis par dotpsy.com.<\/p>\n<p>L\u2019adh\u00e9sion \u00e0 l\u2019ensemble des CGU est conditionnelle \u00e0 l\u2019utilisation de ces services. mypsy.fr est en droit de modifier \u00e0 tout moment ces CGU, et invite les utilisateurs \u00e0 se tenir inform\u00e9s des \u00e9ventuelles mises \u00e0 jour de celles-ci. Dotpsy.com est en droit de suspendre ou r\u00e9silier l\u2019inscription de tout utilisateur ne respectant pas les CGU.<\/p>\n<h2><b>CONFIDENTIALIT\u00c9<\/b><\/h2>\n<p>Lors de son inscription, l\u2019utilisateur est invit\u00e9 \u00e0 renseigner certaines donn\u00e9es personnelles relatives \u00e0 sa situation civile, son acceptation d\u2019utiliser sa navigation -anonyme- de mani\u00e8re statistique et est invit\u00e9 \u00e0 accepter les conditions g\u00e9n\u00e9rales d\u2019utilisation. Informations demand\u00e9es aux utilisateurs :<\/p>\n<ul>\n<li><b>De type patient<\/b>\u00a0: nom, pr\u00e9nom, adresse email, date de naissance et num\u00e9ro de t\u00e9l\u00e9phone.<\/li>\n<li><b>De type psychologue<\/b>\u00a0: nom, pr\u00e9nom, adresse email et num\u00e9ro de t\u00e9l\u00e9phone.<\/li>\n<\/ul>\n<p>Mypsy.fr s\u2019engage \u00e0 ne pas diffuser, c\u00e9der, vendre, commercialiser ou \u00e9changer toute donn\u00e9e personnelle \u00e0 un quelconque tiers, et ce \u00e0 l\u2019exception de\u00a0<b>stripe<\/b>, qui constitue le service de paiement s\u00e9curis\u00e9 utilis\u00e9 par mypsy.fr, et ce dans le but de s\u00e9curiser les transactions effectu\u00e9es sur le site. Le patient s\u2019engage \u00e0 fournir des informations fiables. Seul le praticien, tenu au secret professionnel, peut avoir connaissance des donn\u00e9es \u00e0 caract\u00e8re personnel de son patient, le patient s\u2019engage \u00e0 fournir des informations fiables.<\/p>\n<p>Les \u00e9changes qui ont lieu entre un patient et un psychologue sont confidentiels et ne sont connus que par le patient et le psychologue. En outre toute action effectu\u00e9e sur le site ou message envoy\u00e9 sont chiffr\u00e9s et anonymis\u00e9s. Le psychologue est tenu au secret professionnel, en conformit\u00e9 avec le code de d\u00e9ontologie de sa profession.<\/p>\n<p>Chaque utilisateur b\u00e9n\u00e9ficie d\u2019un droit d\u2019acc\u00e8s ainsi que de modification des informations qui le concerne, et ce en conformit\u00e9 avec la loi \u00ab Informatique et libert\u00e9s \u00bb du 6 Janvier 1978, modifi\u00e9e en 2004. Ces modifications peuvent \u00eatre effectu\u00e9es en contactant directement l\u2019\u00e9quipe de support de dotpsy.com sur <b>contact@dotpsy.com<\/b><\/p>\n<p>La soci\u00e9t\u00e9 DotPsy h\u00e9berge les informations personnelles fournies par les utilisateurs sur le site, en conformit\u00e9 avec la loi en vigueur (RGPD, 27 Avril 2016). Cet h\u00e9bergeur agr\u00e9e H\u00e9bergeur de donn\u00e9es de sant\u00e9 ne dispose d\u2019aucun droit d\u2019utilisation des donn\u00e9es personnelles collect\u00e9es. Pour plus d\u2019informations concernant la s\u00e9curit\u00e9, tout utilisateur peut se rendre sur <b>cette page<\/b>.<\/p>\n<p><b>Politique de protection de la vie priv\u00e9e<\/b><\/p>\n<p>Nous avons con\u00e7u cette politique de protection de la vie priv\u00e9e parce que nous nous inqui\u00e9tons, comme vous, de l\u2019usage qui est fait des informations que nous fournissons lorsque nous utilisons des sites web.<\/p>\n<p><b>Tout d\u2019abord, vos \u00e9changes par chat ou vid\u00e9o avec votre psychologue sont strictement confidentiels.\u00a0<\/b>D\u2019aucune fa\u00e7on, ils ne sont accessibles ni aux gestionnaires de Mypsy.fr ni \u00e0 aucune autre personne \u00e0 part vous et votre psychologue. Nous rappelons que tous nos psychologues, sans exception, ont eu l\u2019obligation de nous fournir les pi\u00e8ces justificatives de leur formation et ils se sont engag\u00e9s formellement, dans leur contrat d\u2019embauche, \u00e0 respecter avec nous cette politique de protection de la vie priv\u00e9e.<\/p>\n<p>Vous nous transmettez diff\u00e9rents types d\u2019informations lorsque vous faites affaires avec nous pour \u00eatre mis en relation avec votre psychologue :<\/p>\n<p><b>Informations personnelles : nom, pr\u00e9nom, date de naissance, adresse, courriel.<\/b><\/p>\n<p>Ces informations demeureront confidentielles, sauf si leur divulgation est requise par la loi. Pour des raisons de confidentialit\u00e9, aucun client de Mypsy.fr ne sera inform\u00e9 de l\u2019identit\u00e9 des autres utilisateurs de blocs de psychoth\u00e9rapie fournies par l\u2019entreprise. Par cons\u00e9quent, \u00e0 part DotPsy.com, personne ne sait qui utilise les blocs ni combien de blocs ont \u00e9t\u00e9 utilis\u00e9s.<\/p>\n<p>G\u00e9n\u00e9ralement, nous n\u2019utilisons ces informations que dans le cadre de la gestion de notre entreprise. Les courriels sont utilis\u00e9s pour communiquer avec vous et nous choisissons d\u00e9lib\u00e9r\u00e9ment de ne pas les transmettre pour des raisons \u00e9trang\u00e8res au fonctionnement de notre entreprise. Dans le cadre d\u2019une campagne publicitaire, il peut nous arriver de partager avec notre annonceur des statistiques relatives aux visiteurs de notre site. Par exemple le nombre de femmes et d\u2019hommes, les tranches d\u2019\u00e2ges, etc. Les noms et tous les renseignements qui permettent d\u2019identifier pr\u00e9cis\u00e9ment les usagers de notre site sont soigneusement enlev\u00e9s lors de ces op\u00e9rations publicitaires. Toute identification est impossible.<\/p>\n<p><b>Informations de facturation : num\u00e9ro de carte de cr\u00e9dit, date d\u2019expiration, adresse de facturation<\/b>.<\/p>\n<p>Ces informations sont transmises \u00e0 nos fournisseurs de services de paiement qui s\u2019engagent aupr\u00e8s de nous \u00e0 ne pas utiliser vos renseignements personnels \u00e0 des fins professionnelles autres que celles qu\u2019ils partagent avec nous.<\/p>\n<p>En r\u00e9sum\u00e9, nous nous engageons \u00e0 ne pas divulguer, c\u00e9der, vendre, louer, commercialiser, donner, ou pr\u00eater \u00e0 des tiers votre adresse \u00e9lectronique ou toute autre information personnelle ou professionnelle.<\/p>\n<p>De leur c\u00f4t\u00e9, comme le requiert l\u2019Ordre des psychologues, nos psychologues s\u2019engagent \u00e0 prendre les moyens raisonnables pour prot\u00e9ger et conserver le caract\u00e8re confidentiel des donn\u00e9es et des renseignements relatifs \u00e0 leurs clients, et \u00e0 informer ceux-ci des risques potentiellement accrus de violations de la confidentialit\u00e9 qui sont inh\u00e9rents aux technologies des t\u00e9l\u00e9communications, s\u2019il y a lieu.<\/p>\n<p>De plus, DotPsy.com s\u2019est engag\u00e9e par contrat avec ses psychologues \u00e0 mettre en place les dispositifs technologiques s\u00e9curitaires et appropri\u00e9s pour les prot\u00e9ger contre un acc\u00e8s non autoris\u00e9 \u00e0 leurs donn\u00e9es.<\/p>\n<p><b>CONDITIONS D\u2019UTILISATION DU SITE<\/b><\/p>\n<p>De son c\u00f4t\u00e9, l\u2019utilisateur de doypsy.com s\u2019engage :<\/p>\n<ul>\n<li>\u00e0 ne pas t\u00e9l\u00e9charger de virus ou autre code malveillant,<\/li>\n<li>\u00e0 ne pas acc\u00e9der \u00e0 un compte qui n\u2019est pas le sien,<\/li>\n<li>\u00e0 ne pas utiliser de langage vulgaire ou insultant dans les espaces du site o\u00f9 il peut \u00eatre invit\u00e9 \u00e0 communiquer son opinion ou son exp\u00e9rience,<\/li>\n<li>\u00e0 ne pas publier de contenu pornographique ou exposant de la nudit\u00e9 ou toute forme de violence,<\/li>\n<li>\u00e0 ne pas fournir de faux renseignements personnels,<\/li>\n<li>\u00e0 ne pas cr\u00e9er plus d\u2019un profil personnel.<\/li>\n<\/ul>\n<p>Nous \u00e9liminerons tout contenu ou toute information qui d\u00e9rogent \u00e0 un usage respectueux de notre site.<\/p>\n<p>Les utilisateurs de notre site sont invit\u00e9s \u00e0 partager les informations ou contenu apparaissant dans les r\u00e9seaux sociaux o\u00f9 Mypsy.fr est pr\u00e9sent.<\/p>\n<p>Comme pour toutes les entreprises en ligne, les cookies nous aident \u00e0 am\u00e9liorer notre site. En aucun cas, ils ne servent \u00e0 un autre but que celui-l\u00e0.<\/p>\n<p>Si vous faites l\u2019exp\u00e9rience d\u2019une d\u00e9faillance technique en utilisant notre site, merci d\u2019entrer en contact avec notre \u00e9quipe de soutien.<\/p>\n<p>Pour conclure, il est important de rester lucide sur le fait que malgr\u00e9 notre effort de rendre notre site le plus s\u00e9curitaire possible, nous ne sommes pas responsables des actions ill\u00e9gales et criminelles. Nous prenons tous des risques en naviguant sur Internet.<\/p>\n<p>Cette Politique de protection de la vie priv\u00e9e et de conditions d\u2019utilisation du site meetual.com a \u00e9t\u00e9 mise \u00e0 jour le 1er juin 2021. Nous n\u2019utiliserons jamais l\u2019information que vous nous transmettez d\u2019une mani\u00e8re diff\u00e9rente de celle en vigueur \u00e0 cette date.<\/p>\n<\/div>\n<\/div>\n<\/div>\n<\/div>\n<\/div>\n<\/div>\n<div class=\"elementor-column elementor-col-33 elementor-top-column elementor-element elementor-element-285db535\" data-id=\"285db535\" data-element_type=\"column\">\n<div class=\"elementor-column-wrap\">\n<div class=\"elementor-widget-wrap\"><\/div>\n<\/div>\n<\/div>\n<\/div>\n<\/div>\n<\/section>\n<\/div>\n<\/div>\n<\/div>\n<\/div>\n<\/article>\n<\/div>\n<\/div>\n<\/div>\n<\/div>\n<\/div>\n<\/div>\n<\/div>\n<\/div>\n<\/div>\n<\/div>\n<\/div>\n<\/section>\n<\/div>\n<\/div>\n<\/div>\n<\/div>\n<footer class=\"footer_module__1uDav\">\n<div class=\"footer_widgets__3FIuV\">\n<div class=\"container\">\n<div class=\"row\">\n<div class=\"col-md-3 col-lg-3\"><\/div>\n<\/div>\n<\/div>\n<\/div>\n<\/footer>\n<\/div>\n<\/div>\n<\/div>\n<\/div>\n<\/div>\n<\/div>\n<p>[\/vc_column_text][\/vc_column][\/vc_row]<\/p>\n<\/div>","protected":false},"excerpt":{"rendered":"<p>[vc_row][vc_column][vc_column_text] CONDITIONS D\u2019UTILISATION DU SITE PR\u00c9SENTATION DotPsy est une soci\u00e9t\u00e9 proposant une plateforme servant, via le site https:\/\/www.dotpsy.com\/, d\u2019interm\u00e9diaire permettant une mise en relation entre psychologues et patients, et ce via diff\u00e9rents outils digitaux permettant la consultation. Les conditions ici pr\u00e9sent\u00e9es d\u00e9finissent les CGU (Conditions G\u00e9n\u00e9rales d\u2019Utilisation) des services fournis par dotpsy.com. L\u2019adh\u00e9sion \u00e0 l\u2019ensemble<\/p>\n","protected":false},"author":1,"featured_media":0,"parent":0,"menu_order":0,"comment_status":"closed","ping_status":"closed","template":"","meta":{"footnotes":""},"class_list":["post-1525","page","type-page","status-publish","hentry"],"_links":{"self":[{"href":"https:\/\/sigmacoaching.eu\/psy\/wp-json\/wp\/v2\/pages\/1525","targetHints":{"allow":["GET"]}}],"collection":[{"href":"https:\/\/sigmacoaching.eu\/psy\/wp-json\/wp\/v2\/pages"}],"about":[{"href":"https:\/\/sigmacoaching.eu\/psy\/wp-json\/wp\/v2\/types\/page"}],"author":[{"embeddable":true,"href":"https:\/\/sigmacoaching.eu\/psy\/wp-json\/wp\/v2\/users\/1"}],"replies":[{"embeddable":true,"href":"https:\/\/sigmacoaching.eu\/psy\/wp-json\/wp\/v2\/comments?post=1525"}],"version-history":[{"count":8,"href":"https:\/\/sigmacoaching.eu\/psy\/wp-json\/wp\/v2\/pages\/1525\/revisions"}],"predecessor-version":[{"id":7927,"href":"https:\/\/sigmacoaching.eu\/psy\/wp-json\/wp\/v2\/pages\/1525\/revisions\/7927"}],"wp:attachment":[{"href":"https:\/\/sigmacoaching.eu\/psy\/wp-json\/wp\/v2\/media?parent=1525"}],"curies":[{"name":"wp","href":"https:\/\/api.w.org\/{rel}","templated":true}]}}