{"id":344,"date":"2016-01-06T11:31:27","date_gmt":"2016-01-06T11:31:27","guid":{"rendered":"http:\/\/consulting.stylemixthemes.com\/demo\/?page_id=344"},"modified":"2021-07-03T22:34:51","modified_gmt":"2021-07-03T22:34:51","slug":"entreprise","status":"publish","type":"page","link":"https:\/\/sigmacoaching.eu\/psy\/entreprise\/","title":{"rendered":"Entreprise"},"content":{"rendered":"<div class=\"wpb-content-wrapper\"><p>[vc_row full_width=&#8221;stretch_row&#8221; css=&#8221;.vc_custom_1581540891839{margin-bottom: 50px !important;}&#8221;][vc_column][vc_column_text]<\/p>\n<div style=\"background: #042e5b; color: #fffff9; padding-bottom: 35px; padding-top: 35px;\">\n<div>\n<h3 style=\"margin-left: 40px; color: #fffff9;\">Consultation pour vos employ\u00e9s.<\/h3>\n<p style=\"margin-left: 40px; color: #fffff9;\">Promouvoir la sant\u00e9 au sein de l\u2019entreprise est devenue partie int\u00e9grante de la strat\u00e9gie d\u2019entreprise moderne dont on ne peut plus se passer. En prenant des mesures pr\u00e9ventives \u00e0 temps, vous augmentez le bien-\u00eatre et la sant\u00e9 sur le lieu de travail tout en r\u00e9duisant les journ\u00e9es d\u2019arr\u00eats maladie ainsi que les frais encourus en cas d\u2019absence. DotPsy offre des services d\u2019aide et de soutien pour r\u00e9soudre certains probl\u00e8mes qui nuisent au rendement au travail, et \u00e0 la sant\u00e9 psychologique du salari\u00e9.<\/p>\n<\/div>\n<\/div>\n<p>[\/vc_column_text][\/vc_column][\/vc_row][vc_row css=&#8221;.vc_custom_1581604006870{margin-bottom: 50px !important;}&#8221;][vc_column][vc_custom_heading text=&#8221;Pourquoi \u00e7a compte?&#8221; font_container=&#8221;tag:h3|font_size:30px|text_align:center|line_height:35px&#8221; use_theme_fonts=&#8221;yes&#8221; el_class=&#8221;base_font_color&#8221;][vc_tta_tabs shape=&#8221;square&#8221; spacing=&#8221;&#8221; active_section=&#8221;1&#8243; no_fill_content_area=&#8221;true&#8221; el_class=&#8221;theme_style&#8221;][vc_tta_section title=&#8221;Des besoins urgents&#8221; tab_id=&#8221;1625341648968-2c4658c9-0bb7&#8243;][vc_column_text]<span style=\"font-size: 14pt;\"><strong>1 sur 2<\/strong>\u00a0 \u00a0 salari\u00e9 est anxieux au travail<\/span><\/p>\n<p><span style=\"font-size: 14pt;\"><strong> 1 sur4\u00a0<\/strong> \u00a0Salari\u00e9 est en \u00e9tat d&#8217;hyperstress <\/span><\/p>\n<p><span style=\"font-size: 14pt;\"><strong>80%\u00a0<\/strong> \u00a0 \u00a0Des employ\u00e9s aimeraient que leur entreprise prenne des mesures pour favoriser le bien-\u00eatre mental<\/span>[\/vc_column_text][\/vc_tta_section][vc_tta_section title=&#8221;Des cons\u00e9quences directes&#8221; tab_id=&#8221;1625341649074-bf067a3a-1f69&#8243;][vc_column_text]<span style=\"font-size: 14pt;\"><strong>12 600 \u20ac<\/strong> C&#8217;est le co\u00fbt estim\u00e9 du mal-\u00eatre au travail par salari\u00e9 et par an\u00a0\u200b Le co\u00fbt de la sant\u00e9 mentale au travail a des co\u00fbts directs (prises en charge de maladies, etc) et indirects (absences r\u00e9p\u00e9t\u00e9es, fort taux de turnover&#8230;)<\/span>[\/vc_column_text][\/vc_tta_section][vc_tta_section title=&#8221;Des r\u00e9sultats prouv\u00e9s&#8221; tab_id=&#8221;1625341710097-2056a885-29b1&#8243;][vc_column_text]<span style=\"font-size: 14pt;\">Un employ\u00e9 qui se sent bien au travail est :<\/span><\/p>\n<p><span style=\"font-size: 14pt;\"><strong> 6x<\/strong> moins absent <\/span><\/p>\n<p><span style=\"font-size: 14pt;\"><strong>31%<\/strong> plus loyal <\/span><\/p>\n<p><span style=\"font-size: 14pt;\"><strong>9x<\/strong> plus productif <\/span><\/p>\n<p><span style=\"font-size: 14pt;\"><strong>55%<\/strong> plus cr\u00e9atif<\/span>[\/vc_column_text][\/vc_tta_section][\/vc_tta_tabs][\/vc_column][\/vc_row][vc_row css=&#8221;.vc_custom_1581604006870{margin-bottom: 50px !important;}&#8221;][vc_column][vc_custom_heading text=&#8221;Les avantages pour votre entreprise&#8221; font_container=&#8221;tag:h3|font_size:30px|text_align:center|line_height:35px&#8221; use_theme_fonts=&#8221;yes&#8221; el_class=&#8221;base_font_color&#8221;][vc_row_inner][vc_column_inner width=&#8221;1\/2&#8243;][vc_column_text]<\/p>\n<ul class=\"benefit-list italic f19 ultradark-green\">\n<li>D\u00e9charge de toute l\u2019organisation<\/li>\n<li>Appr\u00e9ciation des employ\u00e9s<\/li>\n<li>Am\u00e9lioration de l\u2019image de l\u2019entreprise<\/li>\n<li>Positionnement en tant qu\u2019employeur attractif (\u00ab image de marque de l\u2019employeur \u00bb)<\/li>\n<\/ul>\n<p>[\/vc_column_text][\/vc_column_inner][vc_column_inner width=&#8221;1\/2&#8243;][vc_column_text]<\/p>\n<ul class=\"benefit-list italic f19 ultradark-green\">\n<li>\u00a0Promotion de la sant\u00e9 psychique sur le lieu du travail<\/li>\n<li>Augmentation de la capacit\u00e9 et de la performance de travail<\/li>\n<li>R\u00e9duction des journ\u00e9es d\u2019arr\u00eats maladie<\/li>\n<li>R\u00e9duction de la fluctuation<\/li>\n<\/ul>\n<p>[\/vc_column_text][\/vc_column_inner][\/vc_row_inner][\/vc_column][\/vc_row][vc_row full_width=&#8221;stretch_row&#8221; css=&#8221;.vc_custom_1581604066488{margin-bottom: 50px !important;}&#8221;][vc_column][vc_custom_heading text=&#8221;Les th\u00e8mes r\u00e9currents du conseil en ligne ?&#8221; font_container=&#8221;tag:h3|font_size:30px|text_align:center|line_height:35px&#8221; use_theme_fonts=&#8221;yes&#8221; el_class=&#8221;base_font_color&#8221;][vc_row_inner css=&#8221;.vc_custom_1455886051719{margin-bottom: 10px !important;}&#8221;][vc_column_inner width=&#8221;1\/3&#8243;][stm_icon_box hide_title_line=&#8221;hide_title_line&#8221; enable_hexagon=&#8221;enable&#8221; enable_hexagon_animation=&#8221;enable&#8221; icon=&#8221;stm-check&#8221; style=&#8221;icon_left&#8221; icon_size=&#8221;22&#8243; icon_width=&#8221;78&#8243; title=&#8221;Risque d\u2019addiction&#8221;][\/stm_icon_box][\/vc_column_inner][vc_column_inner width=&#8221;1\/3&#8243;][stm_icon_box hide_title_line=&#8221;hide_title_line&#8221; enable_hexagon=&#8221;enable&#8221; enable_hexagon_animation=&#8221;enable&#8221; icon=&#8221;stm-check&#8221; style=&#8221;icon_left&#8221; icon_size=&#8221;22&#8243; icon_width=&#8221;78&#8243; title=&#8221;Harc\u00e8lement &amp; r\u00e9solution de conflits&#8221;][\/stm_icon_box][\/vc_column_inner][vc_column_inner width=&#8221;1\/3&#8243;][stm_icon_box hide_title_line=&#8221;hide_title_line&#8221; enable_hexagon=&#8221;enable&#8221; enable_hexagon_animation=&#8221;enable&#8221; icon=&#8221;stm-check&#8221; style=&#8221;icon_left&#8221; icon_size=&#8221;22&#8243; icon_width=&#8221;78&#8243; title=&#8221;Pr\u00e9vention contre le burn-out &amp; r\u00e9insertion&#8221;][\/stm_icon_box][\/vc_column_inner][\/vc_row_inner][vc_row_inner css=&#8221;.vc_custom_1455886085190{margin-bottom: 10px !important;}&#8221;][vc_column_inner width=&#8221;1\/3&#8243;][stm_icon_box hide_title_line=&#8221;hide_title_line&#8221; enable_hexagon=&#8221;enable&#8221; enable_hexagon_animation=&#8221;enable&#8221; icon=&#8221;stm-check&#8221; style=&#8221;icon_left&#8221; icon_size=&#8221;22&#8243; icon_width=&#8221;78&#8243; title=&#8221;Accompagnement du deuil&#8221;][\/stm_icon_box][\/vc_column_inner][vc_column_inner width=&#8221;1\/3&#8243;][stm_icon_box hide_title_line=&#8221;hide_title_line&#8221; enable_hexagon=&#8221;enable&#8221; enable_hexagon_animation=&#8221;enable&#8221; icon=&#8221;stm-check&#8221; style=&#8221;icon_left&#8221; icon_size=&#8221;22&#8243; icon_width=&#8221;78&#8243; title=&#8221;Profession &amp; famille&#8221;][\/stm_icon_box][\/vc_column_inner][vc_column_inner width=&#8221;1\/3&#8243;][stm_icon_box hide_title_line=&#8221;hide_title_line&#8221; enable_hexagon=&#8221;enable&#8221; enable_hexagon_animation=&#8221;enable&#8221; icon=&#8221;stm-check&#8221; style=&#8221;icon_left&#8221; icon_size=&#8221;22&#8243; icon_width=&#8221;78&#8243; title=&#8221;Crise existentielle&#8221;][\/stm_icon_box][\/vc_column_inner][\/vc_row_inner][\/vc_column][\/vc_row][vc_row css=&#8221;.vc_custom_1581567826643{margin-bottom: 50px !important;}&#8221;][vc_column][vc_column_text]<\/p>\n<blockquote><p>Les probl\u00e8mes psychiques n\u2019ont souvent aucune corr\u00e9lation avec le lieu du travail, mais ont des incidences \u00e9normes sur la performance du travail et la productivit\u00e9..<\/p><\/blockquote>\n<p>[\/vc_column_text][\/vc_column][\/vc_row][vc_row el_class=&#8221;third_bg_color&#8221; css=&#8221;.vc_custom_1581564258882{margin-bottom: 50px !important;}&#8221;][vc_column][vc_cta h2=&#8221;&#8221; h2_font_container=&#8221;font_size:20px|color:%23000000|line_height:24px&#8221; h2_use_theme_fonts=&#8221;yes&#8221; shape=&#8221;square&#8221; style=&#8221;flat&#8221; add_button=&#8221;right&#8221; btn_title=&#8221;Demander une d\u00e9monstration&#8221; btn_style=&#8221;flat&#8221; btn_color=&#8221;theme_style_2&#8243; btn_align=&#8221;right&#8221; btn_i_align=&#8221;right&#8221; btn_i_icon_fontawesome=&#8221;fa fa-chevron-right&#8221; use_custom_fonts_h2=&#8221;true&#8221; btn_button_block=&#8221;true&#8221; btn_add_icon=&#8221;true&#8221; el_class=&#8221;third_bg_color&#8221; css=&#8221;.vc_custom_1622341454023{margin-bottom: 0px !important;}&#8221;]<span style=\"font-size: 14pt; color: #000000;\"><strong>Envie d\u2019en savoir plus sur notre solution de Conseil psychologique en ligne ?<\/strong><\/span>[\/vc_cta][\/vc_column][\/vc_row][vc_row css=&#8221;.vc_custom_1581567826643{margin-bottom: 50px !important;}&#8221;][vc_column][vc_custom_heading text=&#8221;Comment \u00e7a marche ?&#8221; font_container=&#8221;tag:h3|font_size:30px|text_align:center|line_height:35px&#8221; use_theme_fonts=&#8221;yes&#8221; el_class=&#8221;base_font_color&#8221;][vc_column_text]<\/p>\n<p style=\"text-align: center;\"><strong><span style=\"font-size: 14pt;\">Avec DotPsy, offrez aux talents de votre entreprise un acc\u00e8s au meilleur de th\u00e9rapie!<\/span><\/strong><\/p>\n<p>[\/vc_column_text][\/vc_column][\/vc_row][vc_row css=&#8221;.vc_custom_1581570705588{margin-bottom: 50px !important;}&#8221;][vc_column width=&#8221;1\/2&#8243;][stm_company_history][stm_company_history_item year=&#8221;1&#8243; title=&#8221;L\u2019entreprise acquiert des packages d\u2019heures de th\u00e9rapie. (50, 100, 200 heures\u2026).&#8221;][stm_company_history_item year=&#8221;3&#8243; title=&#8221;Le collaborateur se connecte sur la plateforme \u00e0 l\u2019aide d\u2019un code.&#8221;][stm_company_history_item year=&#8221;5&#8243; title=&#8221;Il planifie ses sessions de th\u00e9rapie en se connectant directement \u00e0 l\u2019agenda du psychologue.&#8221;][stm_company_history_item year=&#8221;7&#8243; title=&#8221;A la fin du th\u00e9rapie, il \u00e9value la qualit\u00e9 de la prestation du psychologue et peut laisser des commentaires.&#8221;][\/stm_company_history][\/vc_column][vc_column width=&#8221;1\/2&#8243;][stm_company_history][stm_company_history_item year=&#8221;2&#8243; title=&#8221;Le DRH ou manager alloue 3h, 5h, 7h ou 10h de th\u00e9rapie aux talents qu\u2019il souhaite accompagner (nombre d\u2019heures au choix).&#8221;][stm_company_history_item year=&#8221;4&#8243; title=&#8221;Il s\u00e9lectionne un psychologue.&#8221;][stm_company_history_item year=&#8221;6&#8243; title=&#8221;Il suit ses sessions de th\u00e9rapie.&#8221;][stm_company_history_item year=&#8221;8&#8243; title=&#8221;Chaque mois, l\u2019entreprise re\u00e7oit un tableau des sessions d\u00e9marr\u00e9es et termin\u00e9es, des heures d\u00e9pens\u00e9es et disponibles.&#8221;][\/stm_company_history][\/vc_column][\/vc_row][vc_row css=&#8221;.vc_custom_1581567826643{margin-bottom: 50px !important;}&#8221;][vc_column][vc_column_text]<\/p>\n<blockquote><p>Chaque euro investi dans la sant\u00e9 psychique de vos employ\u00e9s vous fait \u00e9conomiser 2 \u00e0 4 euros d\u2019absence et de perte de productivit\u00e9..<\/p><\/blockquote>\n<p>[\/vc_column_text][\/vc_column][\/vc_row][vc_row full_width=&#8221;stretch_row&#8221; el_class=&#8221;third_bg_color&#8221; css=&#8221;.vc_custom_1581626070590{margin-bottom: 0px !important;}&#8221;][vc_column][vc_cta h2=&#8221;&#8221; h2_font_container=&#8221;font_size:20px|color:%23000000|line_height:24px&#8221; h2_use_theme_fonts=&#8221;yes&#8221; shape=&#8221;square&#8221; style=&#8221;flat&#8221; add_button=&#8221;right&#8221; btn_title=&#8221;Demander une d\u00e9monstration&#8221; btn_style=&#8221;flat&#8221; btn_color=&#8221;theme_style_2&#8243; btn_align=&#8221;right&#8221; btn_i_align=&#8221;right&#8221; btn_i_icon_fontawesome=&#8221;fa fa-chevron-right&#8221; use_custom_fonts_h2=&#8221;true&#8221; btn_button_block=&#8221;true&#8221; btn_add_icon=&#8221;true&#8221; el_class=&#8221;third_bg_color&#8221; css=&#8221;.vc_custom_1624645103674{margin-bottom: 0px !important;}&#8221;]<span style=\"font-size: 14pt; color: #000000;\"><strong>D\u00e9marrez d\u00e8s maintenant votre programme avec la plateforme de th\u00e9rapie 2.0 DotPsy.<\/strong><\/span>[\/vc_cta][\/vc_column][\/vc_row][vc_row full_width=&#8221;stretch_row&#8221; el_class=&#8221;third_bg_color&#8221; css=&#8221;.vc_custom_1584711649046{margin-bottom: -60px !important;padding-top: 50px !important;padding-bottom: 50px !important;background-color: #a9a9a9 !important;}&#8221;][vc_column]\n<div class=\"wpcf7 no-js\" id=\"wpcf7-f4926-o1\" lang=\"en-US\" dir=\"ltr\" data-wpcf7-id=\"4926\">\n<div class=\"screen-reader-response\"><p role=\"status\" aria-live=\"polite\" aria-atomic=\"true\"><\/p> <ul><\/ul><\/div>\n<form action=\"\/psy\/wp-json\/wp\/v2\/pages\/344#wpcf7-f4926-o1\" method=\"post\" class=\"wpcf7-form init\" aria-label=\"Contact form\" novalidate=\"novalidate\" data-status=\"init\">\n<fieldset class=\"hidden-fields-container\"><input type=\"hidden\" name=\"_wpcf7\" value=\"4926\" \/><input type=\"hidden\" name=\"_wpcf7_version\" value=\"6.1.3\" \/><input type=\"hidden\" name=\"_wpcf7_locale\" value=\"en_US\" \/><input type=\"hidden\" name=\"_wpcf7_unit_tag\" value=\"wpcf7-f4926-o1\" \/><input type=\"hidden\" name=\"_wpcf7_container_post\" value=\"0\" \/><input type=\"hidden\" name=\"_wpcf7_posted_data_hash\" value=\"\" \/>\n<\/fieldset>\n<div class=\"request_callback\">\n\t<div class=\"row\">\n\t\t<div class=\"col-lg-6 col-md-6 col-sm-6 col-xs-12\">\n\t\t\t<div class=\"input-group\">\n\t\t\t\t<p><span class=\"wpcf7-form-control-wrap\" data-name=\"full-name\"><input size=\"40\" maxlength=\"400\" class=\"wpcf7-form-control wpcf7-text wpcf7-validates-as-required\" aria-required=\"true\" aria-invalid=\"false\" placeholder=\"Nom et Pr\u00e9nom *\" value=\"\" type=\"text\" name=\"full-name\" \/><\/span>\n\t\t\t\t<\/p>\n\t\t\t<\/div>\n\t\t\t<div class=\"input-group\" style=\"width:49.5%; display:inline-block\">\n\t\t\t\t<p><span class=\"wpcf7-form-control-wrap\" data-name=\"email\"><input size=\"40\" maxlength=\"400\" class=\"wpcf7-form-control wpcf7-email wpcf7-validates-as-required wpcf7-text wpcf7-validates-as-email\" aria-required=\"true\" aria-invalid=\"false\" placeholder=\"Votre email *\" value=\"\" type=\"email\" name=\"email\" \/><\/span>\n\t\t\t\t<\/p>\n\t\t\t<\/div>\n\t\t\t<div class=\"input-group\" style=\"width:49.5%; display:inline-block\">\n\t\t\t\t<p><span class=\"wpcf7-form-control-wrap\" data-name=\"email\"><input size=\"40\" maxlength=\"400\" class=\"wpcf7-form-control wpcf7-email wpcf7-validates-as-required wpcf7-text wpcf7-validates-as-email\" aria-required=\"true\" aria-invalid=\"false\" placeholder=\"Votre email *\" value=\"\" type=\"email\" name=\"email\" \/><\/span>\n\t\t\t\t<\/p>\n\t\t\t<\/div>\n\t\t\t<div class=\"input-group\">\n\t\t\t\t<p><span class=\"wpcf7-form-control-wrap\" data-name=\"phone\"><input size=\"40\" maxlength=\"400\" class=\"wpcf7-form-control wpcf7-tel wpcf7-validates-as-required wpcf7-text wpcf7-validates-as-tel\" aria-required=\"true\" aria-invalid=\"false\" placeholder=\"Votre t\u00e9l\u00e9phone (si vous souhaitez \u00eatre rappel\u00e9)*\" value=\"\" type=\"tel\" name=\"phone\" \/><\/span>\n\t\t\t\t<\/p>\n\t\t\t<\/div>\n\t\t<\/div>\n\t\t<div class=\"col-lg-6 col-md-6 col-sm-6 col-xs-12\">\n\t\t\t<div class=\"input-group\">\n\t\t\t\t<p><span class=\"wpcf7-form-control-wrap\" data-name=\"message\"><textarea cols=\"40\" rows=\"10\" maxlength=\"2000\" class=\"wpcf7-form-control wpcf7-textarea wpcf7-validates-as-required\" aria-required=\"true\" aria-invalid=\"false\" placeholder=\"Expliquez nous votre besoin... *\" name=\"message\"><\/textarea><\/span>\n\t\t\t\t<\/p>\n\t\t\t<\/div>\n\t\t\t<div class=\"input-group\">\n\t\t\t\t<p><button type=\"submit\" class=\"button size-lg icon_right\">Envoyer<i class=\"fa fa-chevron-right\"><\/i><br \/>\n<\/button>\n\t\t\t\t<\/p>\n\t\t\t<\/div>\n\t\t<\/div>\n\t<\/div>\n<\/div><p style=\"display: none !important;\" class=\"akismet-fields-container\" data-prefix=\"_wpcf7_ak_\"><label>&#916;<textarea name=\"_wpcf7_ak_hp_textarea\" cols=\"45\" rows=\"8\" maxlength=\"100\"><\/textarea><\/label><input type=\"hidden\" id=\"ak_js_1\" name=\"_wpcf7_ak_js\" value=\"14\"\/><script>document.getElementById( \"ak_js_1\" ).setAttribute( \"value\", ( new Date() ).getTime() );<\/script><\/p><div class=\"wpcf7-response-output\" aria-hidden=\"true\"><\/div>\n<\/form>\n<\/div>\n[\/vc_column][\/vc_row]<\/p>\n<\/div>","protected":false},"excerpt":{"rendered":"<p>[vc_row full_width=&#8221;stretch_row&#8221; css=&#8221;.vc_custom_1581540891839{margin-bottom: 50px !important;}&#8221;][vc_column][vc_column_text] Consultation pour vos employ\u00e9s. Promouvoir la sant\u00e9 au sein de l\u2019entreprise est devenue partie int\u00e9grante de la strat\u00e9gie d\u2019entreprise moderne dont on ne peut plus se passer. En prenant des mesures pr\u00e9ventives \u00e0 temps, vous augmentez le bien-\u00eatre et la sant\u00e9 sur le lieu de travail tout en r\u00e9duisant les<\/p>\n","protected":false},"author":1,"featured_media":0,"parent":0,"menu_order":0,"comment_status":"closed","ping_status":"closed","template":"","meta":{"footnotes":""},"class_list":["post-344","page","type-page","status-publish","hentry"],"_links":{"self":[{"href":"https:\/\/sigmacoaching.eu\/psy\/wp-json\/wp\/v2\/pages\/344","targetHints":{"allow":["GET"]}}],"collection":[{"href":"https:\/\/sigmacoaching.eu\/psy\/wp-json\/wp\/v2\/pages"}],"about":[{"href":"https:\/\/sigmacoaching.eu\/psy\/wp-json\/wp\/v2\/types\/page"}],"author":[{"embeddable":true,"href":"https:\/\/sigmacoaching.eu\/psy\/wp-json\/wp\/v2\/users\/1"}],"replies":[{"embeddable":true,"href":"https:\/\/sigmacoaching.eu\/psy\/wp-json\/wp\/v2\/comments?post=344"}],"version-history":[{"count":103,"href":"https:\/\/sigmacoaching.eu\/psy\/wp-json\/wp\/v2\/pages\/344\/revisions"}],"predecessor-version":[{"id":7957,"href":"https:\/\/sigmacoaching.eu\/psy\/wp-json\/wp\/v2\/pages\/344\/revisions\/7957"}],"wp:attachment":[{"href":"https:\/\/sigmacoaching.eu\/psy\/wp-json\/wp\/v2\/media?parent=344"}],"curies":[{"name":"wp","href":"https:\/\/api.w.org\/{rel}","templated":true}]}}