{"id":7528,"date":"2021-04-03T02:19:47","date_gmt":"2021-04-03T02:19:47","guid":{"rendered":"https:\/\/dotcoachs.com\/?page_id=7528"},"modified":"2021-07-03T21:21:13","modified_gmt":"2021-07-03T21:21:13","slug":"particuliers-et-pme","status":"publish","type":"page","link":"https:\/\/sigmacoaching.eu\/psy\/particuliers-et-pme\/","title":{"rendered":"Particuliers et PME"},"content":{"rendered":"<div class=\"wpb-content-wrapper\"><p>[vc_row full_width=&#8221;stretch_row&#8221; css=&#8221;.vc_custom_1581540891839{margin-bottom: 50px !important;}&#8221;][vc_column][vc_column_text]<\/p>\n<div style=\"background: #042e5b; color: #fffff9; padding-bottom: 35px; padding-top: 35px;\">\n<div>\n<h3 style=\"margin-left: 40px; color: #fffff9;\">Consultez un psychologue sans vous ruiner !<\/h3>\n<p style=\"margin-left: 40px; color: #fffff9;\">Plus de 117 millions de personnes en Europe sont concern\u00e9es par des probl\u00e8mes psychiques. La sant\u00e9 mentale est la ressource la plus importante pour notre bien-\u00eatre au quotidien, pour notre qualit\u00e9 de vie et nos performances. Une aide professionnelle, telle qu\u2019un soutien psychologique ou une th\u00e9rapie, peut vous y aider.Apprenez comment le conseil en ligne peut vous soutenir dans certains domaines.<\/p>\n<\/div>\n<\/div>\n<p>[\/vc_column_text][vc_custom_heading text=&#8221;Les th\u00e8mes r\u00e9currents du conseil en ligne ?&#8221; font_container=&#8221;tag:h3|font_size:30px|text_align:center|line_height:35px&#8221; use_theme_fonts=&#8221;yes&#8221; el_class=&#8221;base_font_color&#8221;][vc_row_inner][vc_column_inner width=&#8221;1\/3&#8243;][stm_icon_box hide_title_line=&#8221;hide_title_line&#8221; icon=&#8221;stm-idea&#8221; style=&#8221;icon_left&#8221; icon_size=&#8221;22&#8243; icon_color=&#8221;custom&#8221; icon_bg_color=&#8221;third_bg&#8221; icon_width=&#8221;78&#8243; title=&#8221;Famille&#8221; title_font_size=&#8221;22&#8243; title_line_height=&#8221;46&#8243; icon_color_custom=&#8221;#222222&#8243;][\/stm_icon_box][\/vc_column_inner][vc_column_inner width=&#8221;1\/3&#8243;][stm_icon_box hide_title_line=&#8221;hide_title_line&#8221; icon=&#8221;stm-idea&#8221; style=&#8221;icon_left&#8221; icon_size=&#8221;22&#8243; icon_color=&#8221;custom&#8221; icon_bg_color=&#8221;third_bg&#8221; icon_width=&#8221;78&#8243; title=&#8221;D\u00e9pression&#8221; title_font_size=&#8221;22&#8243; title_line_height=&#8221;46&#8243; icon_color_custom=&#8221;#222222&#8243;][\/stm_icon_box][\/vc_column_inner][vc_column_inner width=&#8221;1\/3&#8243;][stm_icon_box hide_title_line=&#8221;hide_title_line&#8221; icon=&#8221;stm-idea&#8221; style=&#8221;icon_left&#8221; icon_size=&#8221;22&#8243; icon_color=&#8221;custom&#8221; icon_bg_color=&#8221;third_bg&#8221; icon_width=&#8221;78&#8243; title=&#8221;Confiance en soi&#8221; title_font_size=&#8221;22&#8243; title_line_height=&#8221;46&#8243; icon_color_custom=&#8221;#222222&#8243;][\/stm_icon_box][\/vc_column_inner][\/vc_row_inner][vc_row_inner][vc_column_inner width=&#8221;1\/3&#8243;][stm_icon_box hide_title_line=&#8221;hide_title_line&#8221; icon=&#8221;stm-idea&#8221; style=&#8221;icon_left&#8221; icon_size=&#8221;22&#8243; icon_color=&#8221;custom&#8221; icon_bg_color=&#8221;third_bg&#8221; icon_width=&#8221;78&#8243; title=&#8221;Peurs et Angoisses&#8221; title_font_size=&#8221;22&#8243; title_line_height=&#8221;46&#8243; icon_color_custom=&#8221;#222222&#8243;][\/stm_icon_box][\/vc_column_inner][vc_column_inner width=&#8221;1\/3&#8243;][stm_icon_box hide_title_line=&#8221;hide_title_line&#8221; icon=&#8221;stm-idea&#8221; style=&#8221;icon_left&#8221; icon_size=&#8221;22&#8243; icon_color=&#8221;custom&#8221; icon_bg_color=&#8221;third_bg&#8221; icon_width=&#8221;78&#8243; title=&#8221;Stress et performance&#8221; title_font_size=&#8221;22&#8243; title_line_height=&#8221;46&#8243; icon_color_custom=&#8221;#222222&#8243;][\/stm_icon_box][\/vc_column_inner][vc_column_inner width=&#8221;1\/3&#8243;][stm_icon_box hide_title_line=&#8221;hide_title_line&#8221; icon=&#8221;stm-idea&#8221; style=&#8221;icon_left&#8221; icon_size=&#8221;22&#8243; icon_color=&#8221;custom&#8221; icon_bg_color=&#8221;third_bg&#8221; icon_width=&#8221;78&#8243; title=&#8221;Relation&#8221; title_font_size=&#8221;22&#8243; title_line_height=&#8221;46&#8243; icon_color_custom=&#8221;#222222&#8243;][\/stm_icon_box][\/vc_column_inner][\/vc_row_inner][\/vc_column][\/vc_row][vc_row el_class=&#8221;third_bg_color&#8221; css=&#8221;.vc_custom_1581564258882{margin-bottom: 50px !important;}&#8221;][vc_column][vc_cta h2=&#8221;&#8221; h2_font_container=&#8221;font_size:20px|color:%23000000|line_height:24px&#8221; h2_use_theme_fonts=&#8221;yes&#8221; shape=&#8221;square&#8221; style=&#8221;flat&#8221; add_button=&#8221;right&#8221; btn_title=&#8221;Je rencontre un conseiller&#8221; btn_style=&#8221;flat&#8221; btn_color=&#8221;theme_style_2&#8243; btn_align=&#8221;right&#8221; btn_i_align=&#8221;right&#8221; btn_i_icon_fontawesome=&#8221;fa fa-chevron-right&#8221; use_custom_fonts_h2=&#8221;true&#8221; btn_button_block=&#8221;true&#8221; btn_add_icon=&#8221;true&#8221; el_class=&#8221;third_bg_color&#8221; css=&#8221;.vc_custom_1617844601472{margin-bottom: 0px !important;}&#8221;]<span style=\"font-size: 14pt; color: #000000;\"><strong> Faites le point gratuitement avec l\u2019un de nos conseillers.<\/strong><\/span>[\/vc_cta][\/vc_column][\/vc_row][vc_row css=&#8221;.vc_custom_1581567826643{margin-bottom: 50px !important;}&#8221;][vc_column][vc_custom_heading text=&#8221;Comment se d\u00e9roule notre soutien psychologique en ligne DotPsy ?&#8221; font_container=&#8221;tag:h3|font_size:30px|text_align:center|line_height:35px&#8221; use_theme_fonts=&#8221;yes&#8221; el_class=&#8221;base_font_color&#8221;][vc_column_text]<\/p>\n<p style=\"text-align: center;\"><strong><span style=\"font-size: 14pt;\">Nous vous mettons en relation en ligne avec des psychologues qualifi\u00e9s.Tous les psychologues DotPsy travaillant en ligne rassemblent les crit\u00e8res de la charte de qualit\u00e9 DotPsy.<\/span><\/strong><\/p>\n<p>[\/vc_column_text][\/vc_column][\/vc_row][vc_row css=&#8221;.vc_custom_1581570705588{margin-bottom: 50px !important;}&#8221;][vc_column][stm_company_history][stm_company_history_item year=&#8221;1&#8243; title=&#8221;Choix de votre psychologue&#8221; description=&#8221;Dans un premier temps, vous choisissez un psychologue sp\u00e9cialis\u00e9 dans vos pr\u00e9occupations et qui r\u00e9pond \u00e0 vos souhaits en termes de temps disponible et de forme de communication (texte, vid\u00e9o, audio). La s\u00e9lection et l\u2019inscription sont gratuites.&#8221;][stm_company_history_item year=&#8221;2&#8243; title=&#8221;Premi\u00e8re consultation sans engagement&#8221; description=&#8221;Apr\u00e8s avoir s\u00e9lectionn\u00e9 votre psychologue, vous pouvez activer la consultation individuelle. Votre psychologue vous contactera dans les 24 heures. Au cours de la consultation initiale, vous apprenez \u00e0 vous conna\u00eetre et \u00e0 discuter de la suite de la consultation.&#8221;][stm_company_history_item year=&#8221;3&#8243; title=&#8221;3. D\u00e9but de la consultation individuelle&#8221; description=&#8221;Le psychologue que vous aurez choisi sera \u00e0 votre disposition pendant toute la dur\u00e9e de la consultation. L\u2019intensit\u00e9 et la fr\u00e9quence du counseling varient en fonction de vos pr\u00e9occupations et font l\u2019objet d\u2019une entente individuelle entre vous et le psychologue.&#8221;][\/stm_company_history][\/vc_column][\/vc_row][vc_row css=&#8221;.vc_custom_1581567826643{margin-bottom: 50px !important;}&#8221;][vc_column][vc_custom_heading text=&#8221;Nos offres&#8221; font_container=&#8221;tag:h3|font_size:30px|text_align:center|line_height:35px&#8221; use_theme_fonts=&#8221;yes&#8221; el_class=&#8221;base_font_color&#8221;][vc_column_text]<div id=\"rpt_pricr\" class=\"rpt_plans rpt_3_plans rpt_style_basic\"><div class=\"\"><div class=\"rpt_plan  rpt_plugin_f rpt_plan_0  \"><div style=\"text-align:center;\" class=\"rpt_title rpt_title_0\">Basic<\/div><div class=\"rpt_head rpt_head_0\"><div class=\"rpt_price rpt_price_0\">400  <\/div><div style=\"color:#ffd700;\" class=\"rpt_subtitle rpt_subtitle_0\">\u20ac\/TTC<\/div><\/div><div class=\"rpt_features rpt_features_0\"><div style=\"color:black;\" class=\"rpt_feature rpt_feature_0-0\">Th\u00e9rapie br\u00e8ve\r<\/div><div style=\"color:black;\" class=\"rpt_feature rpt_feature_0-1\">5 sessions<\/div><\/div><a target=\"_self\" href=\"#\" style=\"background:#ffd700\" class=\"rpt_foot rpt_foot_0\">Je commande maintenant<\/a><\/div><div class=\"rpt_plan  rpt_plugin_f rpt_plan_1  \"><div style=\"text-align:center;\" class=\"rpt_title rpt_title_1\">Silver<\/div><div class=\"rpt_head rpt_head_1\"><div class=\"rpt_price rpt_price_1\">600<\/div><div style=\"color:#ffd700;\" class=\"rpt_subtitle rpt_subtitle_1\">\u20ac\/TTC<\/div><\/div><div class=\"rpt_features rpt_features_1\"><div style=\"color:black;\" class=\"rpt_feature rpt_feature_1-0\">Th\u00e9rapie br\u00e8ve\r<\/div><div style=\"color:black;\" class=\"rpt_feature rpt_feature_1-1\">Plan de th\u00e9rapie\r<\/div><div style=\"color:black;\" class=\"rpt_feature rpt_feature_1-2\">7 sessions <\/div><\/div><a target=\"_self\" href=\"#\" style=\"background:#ffd700\" class=\"rpt_foot rpt_foot_1\">Je commande maintenant<\/a><\/div><div class=\"rpt_plan  rpt_plugin_f rpt_plan_2  \"><div style=\"text-align:center;\" class=\"rpt_title rpt_title_2\">Gold<\/div><div class=\"rpt_head rpt_head_2\"><div class=\"rpt_price rpt_price_2\">900<\/div><div style=\"color:#ffd700;\" class=\"rpt_subtitle rpt_subtitle_2\">\u20ac\/TTC<\/div><\/div><div class=\"rpt_features rpt_features_2\"><div style=\"color:black;\" class=\"rpt_feature rpt_feature_2-0\">Analyse et diagnostique\r<\/div><div style=\"color:black;\" class=\"rpt_feature rpt_feature_2-1\">Plan de th\u00e9rapie\r<\/div><div style=\"color:black;\" class=\"rpt_feature rpt_feature_2-2\">12 heures de coaching<\/div><\/div><a target=\"_self\" href=\"#\" style=\"background:#ffd700\" class=\"rpt_foot rpt_foot_2\">Je commande maintenant<\/a><\/div><\/div><\/div><div style=\"clear:both;\"><\/div>[\/vc_column_text][\/vc_column][\/vc_row][vc_row el_class=&#8221;third_bg_color&#8221; css=&#8221;.vc_custom_1581564258882{margin-bottom: 50px !important;}&#8221;][vc_column][vc_cta h2=&#8221;&#8221; h2_font_container=&#8221;font_size:20px|color:%23000000|line_height:24px&#8221; h2_use_theme_fonts=&#8221;yes&#8221; shape=&#8221;square&#8221; style=&#8221;flat&#8221; add_button=&#8221;right&#8221; btn_title=&#8221;Je rencontre un conseiller&#8221; btn_style=&#8221;flat&#8221; btn_color=&#8221;theme_style_2&#8243; btn_align=&#8221;right&#8221; btn_i_align=&#8221;right&#8221; btn_i_icon_fontawesome=&#8221;fa fa-chevron-right&#8221; use_custom_fonts_h2=&#8221;true&#8221; btn_button_block=&#8221;true&#8221; btn_add_icon=&#8221;true&#8221; el_class=&#8221;third_bg_color&#8221; css=&#8221;.vc_custom_1617844587072{margin-bottom: 0px !important;}&#8221;]<span style=\"font-size: 14pt; color: #000000;\"><strong> Faites le point gratuitement avec l\u2019un de nos conseillers. <\/strong><\/span>[\/vc_cta][\/vc_column][\/vc_row][vc_row css=&#8221;.vc_custom_1581567826643{margin-bottom: 50px !important;}&#8221;][vc_column][vc_column_text]<\/p>\n<blockquote><p>DotPsy est un organisme de formation certifi\u00e9 et r\u00e9f\u00e9renc\u00e9 par Datadock.<br \/>\nAinsi, notre th\u00e9rapie peut \u00eatre financ\u00e9s par les organismes Paritaires et Collecteurs Agr\u00e9\u00e9s (OPCA), OPACIF, P\u00f4le Emploi et AGEFIPH..<\/p><\/blockquote>\n<p>[\/vc_column_text][\/vc_column][\/vc_row][vc_row full_width=&#8221;stretch_row&#8221; el_class=&#8221;third_bg_color&#8221; css=&#8221;.vc_custom_1581626070590{margin-bottom: 0px !important;}&#8221;][vc_column][vc_cta h2=&#8221;&#8221; h2_font_container=&#8221;font_size:20px|color:%23000000|line_height:24px&#8221; h2_use_theme_fonts=&#8221;yes&#8221; shape=&#8221;square&#8221; style=&#8221;flat&#8221; add_button=&#8221;right&#8221; btn_title=&#8221;Je rencontre un conseiller&#8221; btn_style=&#8221;flat&#8221; btn_color=&#8221;theme_style_2&#8243; btn_align=&#8221;right&#8221; btn_i_align=&#8221;right&#8221; btn_i_icon_fontawesome=&#8221;fa fa-chevron-right&#8221; use_custom_fonts_h2=&#8221;true&#8221; btn_button_block=&#8221;true&#8221; btn_add_icon=&#8221;true&#8221; el_class=&#8221;third_bg_color&#8221; css=&#8221;.vc_custom_1617844630400{margin-bottom: 0px !important;}&#8221;]<span style=\"font-size: 14pt; color: #000000;\"><strong> Faites le point gratuitement avec l\u2019un de nos conseillers.<\/strong><\/span>[\/vc_cta][\/vc_column][\/vc_row][vc_row full_width=&#8221;stretch_row&#8221; el_class=&#8221;third_bg_color&#8221; css=&#8221;.vc_custom_1584711649046{margin-bottom: -60px !important;padding-top: 50px !important;padding-bottom: 50px !important;background-color: #a9a9a9 !important;}&#8221;][vc_column]\n<div class=\"wpcf7 no-js\" id=\"wpcf7-f4926-o1\" lang=\"en-US\" dir=\"ltr\" data-wpcf7-id=\"4926\">\n<div class=\"screen-reader-response\"><p role=\"status\" aria-live=\"polite\" aria-atomic=\"true\"><\/p> <ul><\/ul><\/div>\n<form action=\"\/psy\/wp-json\/wp\/v2\/pages\/7528#wpcf7-f4926-o1\" method=\"post\" class=\"wpcf7-form init\" aria-label=\"Contact form\" novalidate=\"novalidate\" data-status=\"init\">\n<fieldset class=\"hidden-fields-container\"><input type=\"hidden\" name=\"_wpcf7\" value=\"4926\" \/><input type=\"hidden\" name=\"_wpcf7_version\" value=\"6.1.3\" \/><input type=\"hidden\" name=\"_wpcf7_locale\" value=\"en_US\" \/><input type=\"hidden\" name=\"_wpcf7_unit_tag\" value=\"wpcf7-f4926-o1\" \/><input type=\"hidden\" name=\"_wpcf7_container_post\" value=\"0\" \/><input type=\"hidden\" name=\"_wpcf7_posted_data_hash\" value=\"\" \/>\n<\/fieldset>\n<div class=\"request_callback\">\n\t<div class=\"row\">\n\t\t<div class=\"col-lg-6 col-md-6 col-sm-6 col-xs-12\">\n\t\t\t<div class=\"input-group\">\n\t\t\t\t<p><span class=\"wpcf7-form-control-wrap\" data-name=\"full-name\"><input size=\"40\" maxlength=\"400\" class=\"wpcf7-form-control wpcf7-text wpcf7-validates-as-required\" aria-required=\"true\" aria-invalid=\"false\" placeholder=\"Nom et Pr\u00e9nom *\" value=\"\" type=\"text\" name=\"full-name\" \/><\/span>\n\t\t\t\t<\/p>\n\t\t\t<\/div>\n\t\t\t<div class=\"input-group\" style=\"width:49.5%; display:inline-block\">\n\t\t\t\t<p><span class=\"wpcf7-form-control-wrap\" data-name=\"email\"><input size=\"40\" maxlength=\"400\" class=\"wpcf7-form-control wpcf7-email wpcf7-validates-as-required wpcf7-text wpcf7-validates-as-email\" aria-required=\"true\" aria-invalid=\"false\" placeholder=\"Votre email *\" value=\"\" type=\"email\" name=\"email\" \/><\/span>\n\t\t\t\t<\/p>\n\t\t\t<\/div>\n\t\t\t<div class=\"input-group\" style=\"width:49.5%; display:inline-block\">\n\t\t\t\t<p><span class=\"wpcf7-form-control-wrap\" data-name=\"email\"><input size=\"40\" maxlength=\"400\" class=\"wpcf7-form-control wpcf7-email wpcf7-validates-as-required wpcf7-text wpcf7-validates-as-email\" aria-required=\"true\" aria-invalid=\"false\" placeholder=\"Votre email *\" value=\"\" type=\"email\" name=\"email\" \/><\/span>\n\t\t\t\t<\/p>\n\t\t\t<\/div>\n\t\t\t<div class=\"input-group\">\n\t\t\t\t<p><span class=\"wpcf7-form-control-wrap\" data-name=\"phone\"><input size=\"40\" maxlength=\"400\" class=\"wpcf7-form-control wpcf7-tel wpcf7-validates-as-required wpcf7-text wpcf7-validates-as-tel\" aria-required=\"true\" aria-invalid=\"false\" placeholder=\"Votre t\u00e9l\u00e9phone (si vous souhaitez \u00eatre rappel\u00e9)*\" value=\"\" type=\"tel\" name=\"phone\" \/><\/span>\n\t\t\t\t<\/p>\n\t\t\t<\/div>\n\t\t<\/div>\n\t\t<div class=\"col-lg-6 col-md-6 col-sm-6 col-xs-12\">\n\t\t\t<div class=\"input-group\">\n\t\t\t\t<p><span class=\"wpcf7-form-control-wrap\" data-name=\"message\"><textarea cols=\"40\" rows=\"10\" maxlength=\"2000\" class=\"wpcf7-form-control wpcf7-textarea wpcf7-validates-as-required\" aria-required=\"true\" aria-invalid=\"false\" placeholder=\"Expliquez nous votre besoin... *\" name=\"message\"><\/textarea><\/span>\n\t\t\t\t<\/p>\n\t\t\t<\/div>\n\t\t\t<div class=\"input-group\">\n\t\t\t\t<p><button type=\"submit\" class=\"button size-lg icon_right\">Envoyer<i class=\"fa fa-chevron-right\"><\/i><br \/>\n<\/button>\n\t\t\t\t<\/p>\n\t\t\t<\/div>\n\t\t<\/div>\n\t<\/div>\n<\/div><p style=\"display: none !important;\" class=\"akismet-fields-container\" data-prefix=\"_wpcf7_ak_\"><label>&#916;<textarea name=\"_wpcf7_ak_hp_textarea\" cols=\"45\" rows=\"8\" maxlength=\"100\"><\/textarea><\/label><input type=\"hidden\" id=\"ak_js_1\" name=\"_wpcf7_ak_js\" value=\"203\"\/><script>document.getElementById( \"ak_js_1\" ).setAttribute( \"value\", ( new Date() ).getTime() );<\/script><\/p><div class=\"wpcf7-response-output\" aria-hidden=\"true\"><\/div>\n<\/form>\n<\/div>\n[\/vc_column][\/vc_row]<\/p>\n<\/div>","protected":false},"excerpt":{"rendered":"<p>[vc_row full_width=&#8221;stretch_row&#8221; css=&#8221;.vc_custom_1581540891839{margin-bottom: 50px !important;}&#8221;][vc_column][vc_column_text] Consultez un psychologue sans vous ruiner ! Plus de 117 millions de personnes en Europe sont concern\u00e9es par des probl\u00e8mes psychiques. La sant\u00e9 mentale est la ressource la plus importante pour notre bien-\u00eatre au quotidien, pour notre qualit\u00e9 de vie et nos performances. Une aide professionnelle, telle qu\u2019un soutien psychologique<\/p>\n","protected":false},"author":1,"featured_media":0,"parent":0,"menu_order":0,"comment_status":"closed","ping_status":"closed","template":"","meta":{"footnotes":""},"class_list":["post-7528","page","type-page","status-publish","hentry"],"_links":{"self":[{"href":"https:\/\/sigmacoaching.eu\/psy\/wp-json\/wp\/v2\/pages\/7528","targetHints":{"allow":["GET"]}}],"collection":[{"href":"https:\/\/sigmacoaching.eu\/psy\/wp-json\/wp\/v2\/pages"}],"about":[{"href":"https:\/\/sigmacoaching.eu\/psy\/wp-json\/wp\/v2\/types\/page"}],"author":[{"embeddable":true,"href":"https:\/\/sigmacoaching.eu\/psy\/wp-json\/wp\/v2\/users\/1"}],"replies":[{"embeddable":true,"href":"https:\/\/sigmacoaching.eu\/psy\/wp-json\/wp\/v2\/comments?post=7528"}],"version-history":[{"count":25,"href":"https:\/\/sigmacoaching.eu\/psy\/wp-json\/wp\/v2\/pages\/7528\/revisions"}],"predecessor-version":[{"id":7953,"href":"https:\/\/sigmacoaching.eu\/psy\/wp-json\/wp\/v2\/pages\/7528\/revisions\/7953"}],"wp:attachment":[{"href":"https:\/\/sigmacoaching.eu\/psy\/wp-json\/wp\/v2\/media?parent=7528"}],"curies":[{"name":"wp","href":"https:\/\/api.w.org\/{rel}","templated":true}]}}