{"id":7669,"date":"2021-04-07T13:28:21","date_gmt":"2021-04-07T13:28:21","guid":{"rendered":"https:\/\/dotcoachs.com\/?page_id=7669"},"modified":"2021-05-30T01:27:16","modified_gmt":"2021-05-30T01:27:16","slug":"nos-psychologues","status":"publish","type":"page","link":"https:\/\/sigmacoaching.eu\/psy\/nos-psychologues\/","title":{"rendered":"Nos Psychologues"},"content":{"rendered":"<div class=\"wpb-content-wrapper\"><p>[vc_row full_width=&#8221;stretch_row&#8221; css=&#8221;.vc_custom_1622338033081{margin-bottom: 50px !important;}&#8221;][vc_column][vc_column_text]<\/p>\n<div style=\"background: #042e5b; color: #fffff9; padding-bottom: 35px; padding-top: 35px;\">\n<div>\n<h3 style=\"margin-left: 40px; color: #fffff9;\">Qui sont nos psychologues?<\/h3>\n<p style=\"margin-left: 40px; color: #fffff9;\">La meilleure communaut\u00e9 de psychologues au service de vos managers<br \/>\nNous avons mis en place un processus tr\u00e8s s\u00e9lectif de r\u00e9f\u00e9rencement des psychologues. Nous nous assurons en permanence de la qualit\u00e9 de notre r\u00e9seau de psychologues afin d\u2019offrir le meilleur accompagnement.<\/p>\n<\/div>\n<\/div>\n<p>[\/vc_column_text][\/vc_column][\/vc_row][vc_row full_width=&#8221;stretch_row&#8221; css=&#8221;.vc_custom_1617802727899{margin-top: 40px !important;margin-bottom: -60px !important;padding-top: 63px !important;padding-bottom: 30px !important;background-color: #f2f2f2 !important;}&#8221;][vc_column][vc_custom_heading text=&#8221;Nos crit\u00e8res de s\u00e9lection&#8221; font_container=&#8221;tag:h3|font_size:30px|text_align:center|line_height:35px&#8221; use_theme_fonts=&#8221;yes&#8221; el_class=&#8221;base_font_color&#8221;][vc_row_inner][vc_column_inner width=&#8221;1\/2&#8243;][vc_column_text]<\/p>\n<ul class=\"orange-check-list\">\n<li><strong>Dipl\u00f4me universitaire de psychologue<\/strong><\/li>\n<li><strong>Sp\u00e9cialisation en psychologie clinique ou psychopathologie<\/strong><\/li>\n<li><strong>Exp\u00e9rience professionnelle d\u2019au moins trois ans<\/strong><\/li>\n<li><strong>Preuve d\u2019une assurance-responsabilit\u00e9 professionnelle<\/strong><\/li>\n<li><strong>Une connaissance du conseil et de la communication en ligne est un plus<\/strong><\/li>\n<li><strong>Flexibilit\u00e9 (en temps et en lieu), disponibilit\u00e9 les week-end<\/strong><\/li>\n<li><strong>Les ressources de temps pour conseiller au moins 5 clients par mois<\/strong><\/li>\n<\/ul>\n<p>[\/vc_column_text][\/vc_column_inner][vc_column_inner width=&#8221;1\/2&#8243;][vc_single_image image=&#8221;4465&#8243; img_size=&#8221;full&#8221; alignment=&#8221;center&#8221;][\/vc_column_inner][\/vc_row_inner][\/vc_column][\/vc_row][vc_row css=&#8221;.vc_custom_1617478617563{margin-top: 80px !important;}&#8221;][vc_column][vc_custom_heading text=&#8221;Rejoignez une communaut\u00e9 de psychologues internationale&#8221; font_container=&#8221;tag:h3|font_size:30px|text_align:center|line_height:35px&#8221; use_theme_fonts=&#8221;yes&#8221; el_class=&#8221;base_font_color&#8221;][vc_column_text]Notre \u00e9quipe est r\u00e9solument tourn\u00e9e vers le monde : avec 180 psychologues r\u00e9partis sur les 5 continents, nous accompagnons nos clients dans 9 langues ![\/vc_column_text][vc_single_image image=&#8221;7629&#8243; img_size=&#8221;full&#8221; alignment=&#8221;center&#8221;][\/vc_column][\/vc_row][vc_row full_width=&#8221;stretch_row&#8221; css=&#8221;.vc_custom_1617478676772{margin-bottom: -60px !important;padding-top: 30px !important;padding-bottom: 30px !important;background-color: #f2f2f2 !important;}&#8221;][vc_column][vc_custom_heading text=&#8221;Contactez-Nous :&#8221; font_container=&#8221;tag:h2|font_size:20px|text_align:left|line_height:30px&#8221; google_fonts=&#8221;font_family:Montserrat%3Aregular%2C700|font_style:400%20regular%3A400%3Anormal&#8221; css=&#8221;.vc_custom_1617478597708{margin-bottom: 30px !important;}&#8221;]\n<div class=\"wpcf7 no-js\" id=\"wpcf7-f1176-o1\" lang=\"en-US\" dir=\"ltr\" data-wpcf7-id=\"1176\">\n<div class=\"screen-reader-response\"><p role=\"status\" aria-live=\"polite\" aria-atomic=\"true\"><\/p> <ul><\/ul><\/div>\n<form action=\"\/psy\/wp-json\/wp\/v2\/pages\/7669#wpcf7-f1176-o1\" method=\"post\" class=\"wpcf7-form init\" aria-label=\"Contact form\" novalidate=\"novalidate\" data-status=\"init\">\n<fieldset class=\"hidden-fields-container\"><input type=\"hidden\" name=\"_wpcf7\" value=\"1176\" \/><input type=\"hidden\" name=\"_wpcf7_version\" value=\"6.1.3\" \/><input type=\"hidden\" name=\"_wpcf7_locale\" value=\"en_US\" \/><input type=\"hidden\" name=\"_wpcf7_unit_tag\" value=\"wpcf7-f1176-o1\" \/><input type=\"hidden\" name=\"_wpcf7_container_post\" value=\"0\" \/><input type=\"hidden\" name=\"_wpcf7_posted_data_hash\" value=\"\" \/>\n<\/fieldset>\n<div class=\"request_callback\">\n\t<div class=\"row\">\n\t\t<div class=\"col-lg-12 col-md-12 col-sm-12 col-xs-12\">\n\t\t\t<div class=\"input-group\">\n\t\t\t\t<p><span class=\"wpcf7-form-control-wrap\" data-name=\"message\"><textarea cols=\"40\" rows=\"10\" maxlength=\"2000\" class=\"wpcf7-form-control wpcf7-textarea wpcf7-validates-as-required\" aria-required=\"true\" aria-invalid=\"false\" placeholder=\"Your Message *\" name=\"message\"><\/textarea><\/span>\n\t\t\t\t<\/p>\n\t\t\t<\/div>\n\t\t<\/div>\n\t\t<div class=\"col-lg-4 col-md-4 col-sm-4 col-xs-12\">\n\t\t\t<div class=\"input-group\">\n\t\t\t\t<p><span class=\"wpcf7-form-control-wrap\" data-name=\"name\"><input size=\"40\" maxlength=\"400\" class=\"wpcf7-form-control wpcf7-text wpcf7-validates-as-required\" aria-required=\"true\" aria-invalid=\"false\" placeholder=\"First name *\" value=\"\" type=\"text\" name=\"name\" \/><\/span>\n\t\t\t\t<\/p>\n\t\t\t<\/div>\n\t\t<\/div>\n\t\t<div class=\"col-lg-4 col-md-4 col-sm-4 col-xs-12\">\n\t\t\t<div class=\"input-group\">\n\t\t\t\t<p><span class=\"wpcf7-form-control-wrap\" data-name=\"email\"><input size=\"40\" maxlength=\"400\" class=\"wpcf7-form-control wpcf7-email wpcf7-validates-as-required wpcf7-text wpcf7-validates-as-email\" aria-required=\"true\" aria-invalid=\"false\" placeholder=\"E-mail *\" value=\"\" type=\"email\" name=\"email\" \/><\/span>\n\t\t\t\t<\/p>\n\t\t\t<\/div>\n\t\t<\/div>\n\t\t<div class=\"col-lg-4 col-md-4 col-sm-4 col-xs-12\">\n\t\t\t<div class=\"input-group\">\n\t\t\t\t<p><span class=\"wpcf7-form-control-wrap\" data-name=\"subject\"><input size=\"40\" maxlength=\"400\" class=\"wpcf7-form-control wpcf7-text wpcf7-validates-as-required\" aria-required=\"true\" aria-invalid=\"false\" placeholder=\"Subject *\" value=\"\" type=\"text\" name=\"subject\" \/><\/span>\n\t\t\t\t<\/p>\n\t\t\t<\/div>\n\t\t<\/div>\n\t\t<div class=\"col-lg-12 col-md-12 col-sm-12 col-xs-12\">\n\t\t\t<div class=\"input-group\">\n\t\t\t\t<p><button type=\"submit\" class=\"button size-lg icon_right\">submit <i class=\"fa fa-chevron-right\"><\/i><\/button>\n\t\t\t\t<\/p>\n\t\t\t<\/div>\n\t\t<\/div>\n\t<\/div>\n<\/div><p style=\"display: none !important;\" class=\"akismet-fields-container\" data-prefix=\"_wpcf7_ak_\"><label>&#916;<textarea name=\"_wpcf7_ak_hp_textarea\" cols=\"45\" rows=\"8\" maxlength=\"100\"><\/textarea><\/label><input type=\"hidden\" id=\"ak_js_1\" name=\"_wpcf7_ak_js\" value=\"228\"\/><script>document.getElementById( \"ak_js_1\" ).setAttribute( \"value\", ( new Date() ).getTime() );<\/script><\/p><div class=\"wpcf7-response-output\" aria-hidden=\"true\"><\/div>\n<\/form>\n<\/div>\n[\/vc_column][\/vc_row]<\/p>\n<\/div>","protected":false},"excerpt":{"rendered":"<p>[vc_row full_width=&#8221;stretch_row&#8221; css=&#8221;.vc_custom_1622338033081{margin-bottom: 50px !important;}&#8221;][vc_column][vc_column_text] Qui sont nos psychologues? La meilleure communaut\u00e9 de psychologues au service de vos managers Nous avons mis en place un processus tr\u00e8s s\u00e9lectif de r\u00e9f\u00e9rencement des psychologues. Nous nous assurons en permanence de la qualit\u00e9 de notre r\u00e9seau de psychologues afin d\u2019offrir le meilleur accompagnement. [\/vc_column_text][\/vc_column][\/vc_row][vc_row full_width=&#8221;stretch_row&#8221; css=&#8221;.vc_custom_1617802727899{margin-top: 40px !important;margin-bottom:<\/p>\n","protected":false},"author":1,"featured_media":0,"parent":0,"menu_order":0,"comment_status":"closed","ping_status":"closed","template":"","meta":{"footnotes":""},"class_list":["post-7669","page","type-page","status-publish","hentry"],"_links":{"self":[{"href":"https:\/\/sigmacoaching.eu\/psy\/wp-json\/wp\/v2\/pages\/7669","targetHints":{"allow":["GET"]}}],"collection":[{"href":"https:\/\/sigmacoaching.eu\/psy\/wp-json\/wp\/v2\/pages"}],"about":[{"href":"https:\/\/sigmacoaching.eu\/psy\/wp-json\/wp\/v2\/types\/page"}],"author":[{"embeddable":true,"href":"https:\/\/sigmacoaching.eu\/psy\/wp-json\/wp\/v2\/users\/1"}],"replies":[{"embeddable":true,"href":"https:\/\/sigmacoaching.eu\/psy\/wp-json\/wp\/v2\/comments?post=7669"}],"version-history":[{"count":8,"href":"https:\/\/sigmacoaching.eu\/psy\/wp-json\/wp\/v2\/pages\/7669\/revisions"}],"predecessor-version":[{"id":7851,"href":"https:\/\/sigmacoaching.eu\/psy\/wp-json\/wp\/v2\/pages\/7669\/revisions\/7851"}],"wp:attachment":[{"href":"https:\/\/sigmacoaching.eu\/psy\/wp-json\/wp\/v2\/media?parent=7669"}],"curies":[{"name":"wp","href":"https:\/\/api.w.org\/{rel}","templated":true}]}}