{"id":7674,"date":"2021-04-07T14:02:31","date_gmt":"2021-04-07T14:02:31","guid":{"rendered":"https:\/\/dotcoachs.com\/?page_id=7674"},"modified":"2021-07-03T21:34:46","modified_gmt":"2021-07-03T21:34:46","slug":"notre-plateforme","status":"publish","type":"page","link":"https:\/\/sigmacoaching.eu\/psy\/notre-plateforme\/","title":{"rendered":"Notre Plateforme"},"content":{"rendered":"<div class=\"wpb-content-wrapper\"><p>[vc_row css=&#8221;.vc_custom_1581567826643{margin-bottom: 50px !important;}&#8221;][vc_column][vc_custom_heading text=&#8221;Responsable RH&#8221; font_container=&#8221;tag:h3|font_size:30px|text_align:center|line_height:35px&#8221; use_theme_fonts=&#8221;yes&#8221; el_class=&#8221;base_font_color&#8221;][\/vc_column][\/vc_row][vc_row css=&#8221;.vc_custom_1581568777657{margin-bottom: 50px !important;}&#8221;][vc_column width=&#8221;1\/2&#8243;][vc_column_text]<\/p>\n<p style=\"text-align: left;\"><strong><span style=\"font-size: 14pt;\">B\u00e9n\u00e9ficiez d\u2019une prise en main intuitive, d\u2019un accompagnement \u00e0 chaque \u00e9tape et d\u2019une grande autonomie dans la r\u00e9alisation de votre parcours.<\/span><\/strong><\/p>\n<p>La th\u00e9rapie accessible par toute une population. Nous vous accompagnons dans la d\u00e9finition d&#8217;une population cible qui b\u00e9n\u00e9ficiera des sessions de th\u00e9rapie, elle peut \u00eatre aussi grande que vous le souhaitez.<\/p>\n<p>Vous d\u00e9cidez \u00e9galement des th\u00e9matiques de th\u00e9rapie auxquelles les collaborateurs auront acc\u00e8s.<\/p>\n<p>Une plateforme de th\u00e9rapie \u00e0 grande \u00e9chelle. La plateforme est ensuite ouverte et tous les collaborateurs identifi\u00e9s peuvent d\u00e9marrer leur parcours en \u00e9tant responsabilis\u00e9s dans leur d\u00e9veloppement.[\/vc_column_text][vc_single_image image=&#8221;7687&#8243; img_size=&#8221;full&#8221;][\/vc_column][vc_column width=&#8221;1\/2&#8243;][vc_single_image image=&#8221;7686&#8243; img_size=&#8221;full&#8221;][\/vc_column][\/vc_row][vc_row el_class=&#8221;third_bg_color&#8221; css=&#8221;.vc_custom_1581564258882{margin-bottom: 50px !important;}&#8221;][vc_column][vc_cta h2=&#8221;&#8221; h2_font_container=&#8221;font_size:20px|color:%23000000|line_height:24px&#8221; h2_use_theme_fonts=&#8221;yes&#8221; shape=&#8221;square&#8221; style=&#8221;flat&#8221; add_button=&#8221;right&#8221; btn_title=&#8221;Demander une d\u00e9monstration&#8221; btn_style=&#8221;flat&#8221; btn_color=&#8221;theme_style_2&#8243; btn_align=&#8221;right&#8221; btn_i_align=&#8221;right&#8221; btn_i_icon_fontawesome=&#8221;fa fa-chevron-right&#8221; use_custom_fonts_h2=&#8221;true&#8221; btn_button_block=&#8221;true&#8221; btn_add_icon=&#8221;true&#8221; el_class=&#8221;third_bg_color&#8221; css=&#8221;.vc_custom_1625341288269{margin-bottom: 0px !important;}&#8221;]<span style=\"font-size: 14pt; color: #000000;\"><strong>D\u00e9couvrez comment digitaliser vos programmes de th\u00e9rapie<\/strong><\/span>[\/vc_cta][\/vc_column][\/vc_row][vc_row css=&#8221;.vc_custom_1581568777657{margin-bottom: 50px !important;}&#8221;][vc_column width=&#8221;1\/2&#8243;][vc_column_text]<strong><span style=\"font-size: 14pt;\">Lancez des parcours en quelques clics, suivez l\u2019avanc\u00e9e des participants en temps r\u00e9el puis mesurez la satisfaction de th\u00e9rapie en ligne gr\u00e2ce aux \u00e9valuations finales<\/span><\/strong><\/p>\n<p>Pilotez la mise en place, retrouvez les chiffres cl\u00e9s d&#8217;utilisation de la plateforme et l&#8217;\u00e9tat d&#8217;avancement de chacun. Soyez acteurs du d\u00e9ploiement en ayant acc\u00e8s \u00e0 des outils de communication et reporting. Satisfaction et engagement collaborateur, visualisez \u00e9galement les \u00e9valuations des sessions de th\u00e9rapie donn\u00e9es par les collaborateurs. En particulier : Satisfaction globale Impact sur leur engagement Impact sur la performance Impact sur l&#8217;\u00e9panouissement.[\/vc_column_text][vc_single_image image=&#8221;7696&#8243; img_size=&#8221;full&#8221;][\/vc_column][vc_column width=&#8221;1\/2&#8243;][vc_single_image image=&#8221;7685&#8243; img_size=&#8221;full&#8221;][vc_single_image image=&#8221;7695&#8243; img_size=&#8221;full&#8221;][\/vc_column][\/vc_row][vc_row el_class=&#8221;third_bg_color&#8221; css=&#8221;.vc_custom_1581564258882{margin-bottom: 50px !important;}&#8221;][vc_column][vc_cta h2=&#8221;&#8221; h2_font_container=&#8221;font_size:20px|color:%23000000|line_height:24px&#8221; h2_use_theme_fonts=&#8221;yes&#8221; shape=&#8221;square&#8221; style=&#8221;flat&#8221; add_button=&#8221;right&#8221; btn_title=&#8221;Demander une d\u00e9monstration&#8221; btn_style=&#8221;flat&#8221; btn_color=&#8221;theme_style_2&#8243; btn_align=&#8221;right&#8221; btn_i_align=&#8221;right&#8221; btn_i_icon_fontawesome=&#8221;fa fa-chevron-right&#8221; use_custom_fonts_h2=&#8221;true&#8221; btn_button_block=&#8221;true&#8221; btn_add_icon=&#8221;true&#8221; el_class=&#8221;third_bg_color&#8221; css=&#8221;.vc_custom_1625341258565{margin-bottom: 0px !important;}&#8221;]<span style=\"font-size: 14pt; color: #000000;\"><strong>D\u00e9couvrez comment digitaliser vos programmes de th\u00e9rapie<\/strong><\/span>[\/vc_cta][\/vc_column][\/vc_row][vc_row css=&#8221;.vc_custom_1581567826643{margin-bottom: 50px !important;}&#8221;][vc_column][vc_custom_heading text=&#8221;S\u00e9curit\u00e9 et protection des donn\u00e9es&#8221; font_container=&#8221;tag:h3|font_size:30px|text_align:center|line_height:35px&#8221; use_theme_fonts=&#8221;yes&#8221; el_class=&#8221;base_font_color&#8221;][vc_column_text]<\/p>\n<p style=\"text-align: center;\"><span style=\"font-size: 14pt;\">Nous prenons tr\u00e8s au s\u00e9rieux notre responsabilit\u00e9 de garantir la protection de vos donn\u00e9es.<br \/>\nDotPsy est une plateforme enti\u00e8rement d\u00e9velopp\u00e9e en interne, \u00e0 Paris, et h\u00e9berg\u00e9e en France.<br \/>\nNous mettons en oeuvre des proc\u00e9dures qui r\u00e9pondent aux plus hautes normes de l\u2019industrie afin d\u2019assurer la protection et la confidentialit\u00e9 de vos donn\u00e9es.<\/span><\/p>\n<p>[\/vc_column_text][\/vc_column][\/vc_row][vc_row css=&#8221;.vc_custom_1581568777657{margin-bottom: 50px !important;}&#8221;][vc_column width=&#8221;1\/3&#8243;][vc_column_text]<\/p>\n<h1 style=\"padding: 20px 0 20px; font-size: 13pt; text-align: center; background-color: #d3d3d3; color: white;\"><strong>Tr\u00e8s haut niveau de protection des donn\u00e9es<\/strong><\/h1>\n<p>DotPsy est en totale conformit\u00e9 avec la RGPD ! Les donn\u00e9es de nos clients et les informations de nos patients sont transmises en utilisant les meilleurs algorithmes de cryptage actuellement disponibles.[\/vc_column_text][\/vc_column][vc_column width=&#8221;1\/3&#8243;][vc_column_text]<\/p>\n<h1 style=\"padding: 20px 0 20px; font-size: 13pt; text-align: center; background-color: #d3d3d3; color: white;\"><strong>Connexions crypt\u00e9es et certification SSL<\/strong><\/h1>\n<p>DotPsy est certifi\u00e9 SSL et fonctionne exclusivement via des connexions crypt\u00e9es SSL pour assurer la protection de vos donn\u00e9es.[\/vc_column_text][\/vc_column][vc_column width=&#8221;1\/3&#8243;][vc_column_text]<\/p>\n<h1 style=\"padding: 20px 0 20px; font-size: 13pt; text-align: center; background-color: #d3d3d3; color: white;\"><strong>Protection des donn\u00e9es \u00ab made in France \u00bb<\/strong><\/h1>\n<p>La plateforme Dotpsy est d\u00e9velopp\u00e9e \u00e0 Paris et nos serveurs sont \u00e9galement situ\u00e9s en France. Vos donn\u00e9es sont stock\u00e9es dans des centres de donn\u00e9es certifi\u00e9s conformes aux normes industrielles les plus rigoureuses \u00e0 savoir ISO 27001.[\/vc_column_text][\/vc_column][\/vc_row][vc_row][vc_column][vc_custom_heading text=&#8221;DotPsy&#8221; font_container=&#8221;tag:h3|font_size:30px|text_align:center|line_height:35px&#8221; use_theme_fonts=&#8221;yes&#8221; el_class=&#8221;base_font_color&#8221;][\/vc_column][\/vc_row][vc_row full_width=&#8221;stretch_row&#8221; css=&#8221;.vc_custom_1617816818121{margin-top: 0px !important;margin-bottom: 70px !important;}&#8221;][vc_column width=&#8221;1\/5&#8243;][stm_spacing lg_spacing=&#8221;50px&#8221;][vc_pie value=&#8221;99&#8243; label_value=&#8221;99&#8243; color=&#8221;custom&#8221; title=&#8221;Sont satisfaits de leur accompagnement&#8221; units=&#8221;%&#8221; custom_color=&#8221;#fde428&#8243;][\/vc_column][vc_column width=&#8221;1\/5&#8243;][stm_spacing lg_spacing=&#8221;50px&#8221;][vc_pie value=&#8221;95&#8243; label_value=&#8221;95&#8243; color=&#8221;custom&#8221; title=&#8221;Note moyenne de recommandation&#8221; units=&#8221;%&#8221; custom_color=&#8221;#fde428&#8243;][\/vc_column][vc_column width=&#8221;1\/5&#8243;][stm_spacing lg_spacing=&#8221;50px&#8221;][vc_pie value=&#8221;97&#8243; label_value=&#8221;97&#8243; color=&#8221;custom&#8221; title=&#8221;voient un impact positif sur leur performance et leur engagement&#8221; units=&#8221;%&#8221; custom_color=&#8221;#fde428&#8243;][\/vc_column][vc_column width=&#8221;1\/5&#8243;][stm_spacing lg_spacing=&#8221;50px&#8221;][vc_pie value=&#8221;98&#8243; label_value=&#8221;98&#8243; color=&#8221;custom&#8221; title=&#8221;Sont tr\u00e8s satisfaits part leur psychologue&#8221; units=&#8221;%&#8221; custom_color=&#8221;#fde428&#8243;][\/vc_column][vc_column width=&#8221;1\/5&#8243;][stm_spacing lg_spacing=&#8221;50px&#8221;][vc_pie value=&#8221;100&#8243; label_value=&#8221;100&#8243; color=&#8221;custom&#8221; title=&#8221;Th\u00e9rapie digitale&#8221; units=&#8221;%&#8221; custom_color=&#8221;#fde428&#8243;][\/vc_column][\/vc_row][vc_row css=&#8221;.vc_custom_1617818662569{margin-bottom: 50px !important;}&#8221;][vc_column][vc_column_text]<\/p>\n<blockquote><p>DotPsy est un organisme de formation certifi\u00e9 et r\u00e9f\u00e9renc\u00e9 par Datadock.<br \/>\nAinsi, nos coachings peuvent \u00eatre financ\u00e9s par les Organismes Paritaires et Collecteurs Agr\u00e9\u00e9s (OPCA), OPACIF, P\u00f4le Emploi et AGEFIPH..<\/p><\/blockquote>\n<p>[\/vc_column_text][\/vc_column][\/vc_row][vc_row full_width=&#8221;stretch_row&#8221; el_class=&#8221;third_bg_color&#8221; css=&#8221;.vc_custom_1617818671945{margin-top: 10px !important;margin-bottom: 0px !important;}&#8221;][vc_column][vc_cta h2=&#8221;&#8221; h2_font_container=&#8221;font_size:20px|color:%23000000|line_height:24px&#8221; h2_use_theme_fonts=&#8221;yes&#8221; shape=&#8221;square&#8221; style=&#8221;flat&#8221; add_button=&#8221;right&#8221; btn_title=&#8221;Demandez une d\u00e9mo&#8221; btn_style=&#8221;flat&#8221; btn_color=&#8221;theme_style_2&#8243; btn_align=&#8221;right&#8221; btn_i_align=&#8221;right&#8221; btn_i_icon_fontawesome=&#8221;fa fa-chevron-right&#8221; use_custom_fonts_h2=&#8221;true&#8221; btn_button_block=&#8221;true&#8221; btn_add_icon=&#8221;true&#8221; el_class=&#8221;third_bg_color&#8221; css=&#8221;.vc_custom_1625341118191{margin-bottom: 0px !important;}&#8221;]<span style=\"font-size: 14pt; color: #000000;\"><strong>D\u00e9couvrez la simplicit\u00e9 de la plateformeDotPsy.<\/strong><\/span>[\/vc_cta][\/vc_column][\/vc_row][vc_row full_width=&#8221;stretch_row&#8221; el_class=&#8221;third_bg_color&#8221; css=&#8221;.vc_custom_1584711649046{margin-bottom: -60px !important;padding-top: 50px !important;padding-bottom: 50px !important;background-color: #a9a9a9 !important;}&#8221;][vc_column]\n<div class=\"wpcf7 no-js\" id=\"wpcf7-f4926-o1\" lang=\"en-US\" dir=\"ltr\" data-wpcf7-id=\"4926\">\n<div class=\"screen-reader-response\"><p role=\"status\" aria-live=\"polite\" aria-atomic=\"true\"><\/p> <ul><\/ul><\/div>\n<form action=\"\/psy\/wp-json\/wp\/v2\/pages\/7674#wpcf7-f4926-o1\" method=\"post\" class=\"wpcf7-form init\" aria-label=\"Contact form\" novalidate=\"novalidate\" data-status=\"init\">\n<fieldset class=\"hidden-fields-container\"><input type=\"hidden\" name=\"_wpcf7\" value=\"4926\" \/><input type=\"hidden\" name=\"_wpcf7_version\" value=\"6.1.3\" \/><input type=\"hidden\" name=\"_wpcf7_locale\" value=\"en_US\" \/><input type=\"hidden\" name=\"_wpcf7_unit_tag\" value=\"wpcf7-f4926-o1\" \/><input type=\"hidden\" name=\"_wpcf7_container_post\" value=\"0\" \/><input type=\"hidden\" name=\"_wpcf7_posted_data_hash\" value=\"\" \/>\n<\/fieldset>\n<div class=\"request_callback\">\n\t<div class=\"row\">\n\t\t<div class=\"col-lg-6 col-md-6 col-sm-6 col-xs-12\">\n\t\t\t<div class=\"input-group\">\n\t\t\t\t<p><span class=\"wpcf7-form-control-wrap\" data-name=\"full-name\"><input size=\"40\" maxlength=\"400\" class=\"wpcf7-form-control wpcf7-text wpcf7-validates-as-required\" aria-required=\"true\" aria-invalid=\"false\" placeholder=\"Nom et Pr\u00e9nom *\" value=\"\" type=\"text\" name=\"full-name\" \/><\/span>\n\t\t\t\t<\/p>\n\t\t\t<\/div>\n\t\t\t<div class=\"input-group\" style=\"width:49.5%; display:inline-block\">\n\t\t\t\t<p><span class=\"wpcf7-form-control-wrap\" data-name=\"email\"><input size=\"40\" maxlength=\"400\" class=\"wpcf7-form-control wpcf7-email wpcf7-validates-as-required wpcf7-text wpcf7-validates-as-email\" aria-required=\"true\" aria-invalid=\"false\" placeholder=\"Votre email *\" value=\"\" type=\"email\" name=\"email\" \/><\/span>\n\t\t\t\t<\/p>\n\t\t\t<\/div>\n\t\t\t<div class=\"input-group\" style=\"width:49.5%; display:inline-block\">\n\t\t\t\t<p><span class=\"wpcf7-form-control-wrap\" data-name=\"email\"><input size=\"40\" maxlength=\"400\" class=\"wpcf7-form-control wpcf7-email wpcf7-validates-as-required wpcf7-text wpcf7-validates-as-email\" aria-required=\"true\" aria-invalid=\"false\" placeholder=\"Votre email *\" value=\"\" type=\"email\" name=\"email\" \/><\/span>\n\t\t\t\t<\/p>\n\t\t\t<\/div>\n\t\t\t<div class=\"input-group\">\n\t\t\t\t<p><span class=\"wpcf7-form-control-wrap\" data-name=\"phone\"><input size=\"40\" maxlength=\"400\" class=\"wpcf7-form-control wpcf7-tel wpcf7-validates-as-required wpcf7-text wpcf7-validates-as-tel\" aria-required=\"true\" aria-invalid=\"false\" placeholder=\"Votre t\u00e9l\u00e9phone (si vous souhaitez \u00eatre rappel\u00e9)*\" value=\"\" type=\"tel\" name=\"phone\" \/><\/span>\n\t\t\t\t<\/p>\n\t\t\t<\/div>\n\t\t<\/div>\n\t\t<div class=\"col-lg-6 col-md-6 col-sm-6 col-xs-12\">\n\t\t\t<div class=\"input-group\">\n\t\t\t\t<p><span class=\"wpcf7-form-control-wrap\" data-name=\"message\"><textarea cols=\"40\" rows=\"10\" maxlength=\"2000\" class=\"wpcf7-form-control wpcf7-textarea wpcf7-validates-as-required\" aria-required=\"true\" aria-invalid=\"false\" placeholder=\"Expliquez nous votre besoin... *\" name=\"message\"><\/textarea><\/span>\n\t\t\t\t<\/p>\n\t\t\t<\/div>\n\t\t\t<div class=\"input-group\">\n\t\t\t\t<p><button type=\"submit\" class=\"button size-lg icon_right\">Envoyer<i class=\"fa fa-chevron-right\"><\/i><br \/>\n<\/button>\n\t\t\t\t<\/p>\n\t\t\t<\/div>\n\t\t<\/div>\n\t<\/div>\n<\/div><p style=\"display: none !important;\" class=\"akismet-fields-container\" data-prefix=\"_wpcf7_ak_\"><label>&#916;<textarea name=\"_wpcf7_ak_hp_textarea\" cols=\"45\" rows=\"8\" maxlength=\"100\"><\/textarea><\/label><input type=\"hidden\" id=\"ak_js_1\" name=\"_wpcf7_ak_js\" value=\"85\"\/><script>document.getElementById( \"ak_js_1\" ).setAttribute( \"value\", ( new Date() ).getTime() );<\/script><\/p><div class=\"wpcf7-response-output\" aria-hidden=\"true\"><\/div>\n<\/form>\n<\/div>\n[\/vc_column][\/vc_row]<\/p>\n<\/div>","protected":false},"excerpt":{"rendered":"<p>[vc_row css=&#8221;.vc_custom_1581567826643{margin-bottom: 50px !important;}&#8221;][vc_column][vc_custom_heading text=&#8221;Responsable RH&#8221; font_container=&#8221;tag:h3|font_size:30px|text_align:center|line_height:35px&#8221; use_theme_fonts=&#8221;yes&#8221; el_class=&#8221;base_font_color&#8221;][\/vc_column][\/vc_row][vc_row css=&#8221;.vc_custom_1581568777657{margin-bottom: 50px !important;}&#8221;][vc_column width=&#8221;1\/2&#8243;][vc_column_text] B\u00e9n\u00e9ficiez d\u2019une prise en main intuitive, d\u2019un accompagnement \u00e0 chaque \u00e9tape et d\u2019une grande autonomie dans la r\u00e9alisation de votre parcours. La th\u00e9rapie accessible par toute une population. Nous vous accompagnons dans la d\u00e9finition d&#8217;une population cible qui b\u00e9n\u00e9ficiera des sessions de<\/p>\n","protected":false},"author":1,"featured_media":0,"parent":0,"menu_order":0,"comment_status":"closed","ping_status":"closed","template":"","meta":{"footnotes":""},"class_list":["post-7674","page","type-page","status-publish","hentry"],"_links":{"self":[{"href":"https:\/\/sigmacoaching.eu\/psy\/wp-json\/wp\/v2\/pages\/7674","targetHints":{"allow":["GET"]}}],"collection":[{"href":"https:\/\/sigmacoaching.eu\/psy\/wp-json\/wp\/v2\/pages"}],"about":[{"href":"https:\/\/sigmacoaching.eu\/psy\/wp-json\/wp\/v2\/types\/page"}],"author":[{"embeddable":true,"href":"https:\/\/sigmacoaching.eu\/psy\/wp-json\/wp\/v2\/users\/1"}],"replies":[{"embeddable":true,"href":"https:\/\/sigmacoaching.eu\/psy\/wp-json\/wp\/v2\/comments?post=7674"}],"version-history":[{"count":33,"href":"https:\/\/sigmacoaching.eu\/psy\/wp-json\/wp\/v2\/pages\/7674\/revisions"}],"predecessor-version":[{"id":7954,"href":"https:\/\/sigmacoaching.eu\/psy\/wp-json\/wp\/v2\/pages\/7674\/revisions\/7954"}],"wp:attachment":[{"href":"https:\/\/sigmacoaching.eu\/psy\/wp-json\/wp\/v2\/media?parent=7674"}],"curies":[{"name":"wp","href":"https:\/\/api.w.org\/{rel}","templated":true}]}}